{"id":12,"date":"2022-12-13T16:27:33","date_gmt":"2022-12-13T16:27:33","guid":{"rendered":"https:\/\/proage.hr\/?page_id=12"},"modified":"2023-04-07T13:07:07","modified_gmt":"2023-04-07T11:07:07","slug":"pilates-method","status":"publish","type":"page","link":"https:\/\/proage.hr\/hr\/pilates-method\/","title":{"rendered":"Pilates metoda"},"content":{"rendered":"<div data-elementor-type=\"wp-page\" data-elementor-id=\"12\" class=\"elementor elementor-12\" data-elementor-post-type=\"page\">\n\t\t\t\t\t\t<section class=\"elementor-section elementor-top-section elementor-element elementor-element-52b87964 elementor-section-boxed elementor-section-height-default elementor-section-height-default\" data-id=\"52b87964\" data-element_type=\"section\" data-settings=\"{&quot;shape_divider_bottom&quot;:&quot;tilt&quot;}\">\n\t\t\t\t\t<div class=\"elementor-shape elementor-shape-bottom\" aria-hidden=\"true\" data-negative=\"false\">\n\t\t\t<svg xmlns=\"http:\/\/www.w3.org\/2000\/svg\" viewbox=\"0 0 1000 100\" preserveaspectratio=\"none\">\n\t<path class=\"elementor-shape-fill\" d=\"M0,6V0h1000v100L0,6z\"\/>\n<\/svg>\t\t<\/div>\n\t\t\t\t\t<div class=\"elementor-container elementor-column-gap-default\">\n\t\t\t\t\t<div class=\"elementor-column elementor-col-100 elementor-top-column elementor-element elementor-element-17597240\" data-id=\"17597240\" data-element_type=\"column\">\n\t\t\t<div class=\"elementor-widget-wrap elementor-element-populated\">\n\t\t\t\t\t\t<div class=\"elementor-element elementor-element-1b0c27b8 elementor-widget elementor-widget-spacer\" data-id=\"1b0c27b8\" data-element_type=\"widget\" data-widget_type=\"spacer.default\">\n\t\t\t\t<div class=\"elementor-widget-container\">\n\t\t\t\t\t\t\t<div class=\"elementor-spacer\">\n\t\t\t<div class=\"elementor-spacer-inner\"><\/div>\n\t\t<\/div>\n\t\t\t\t\t\t<\/div>\n\t\t\t\t<\/div>\n\t\t\t\t\t<\/div>\n\t\t<\/div>\n\t\t\t\t\t<\/div>\n\t\t<\/section>\n\t\t\t\t<section class=\"elementor-section elementor-top-section elementor-element elementor-element-669bdd99 elementor-section-boxed elementor-section-height-default elementor-section-height-default\" data-id=\"669bdd99\" data-element_type=\"section\" data-settings=\"{&quot;background_background&quot;:&quot;classic&quot;}\">\n\t\t\t\t\t\t<div class=\"elementor-container elementor-column-gap-default\">\n\t\t\t\t\t<div class=\"elementor-column elementor-col-100 elementor-top-column elementor-element elementor-element-4e17a682\" data-id=\"4e17a682\" data-element_type=\"column\">\n\t\t\t<div class=\"elementor-widget-wrap elementor-element-populated\">\n\t\t\t\t\t\t<div class=\"elementor-element elementor-element-645f8267 elementor-widget elementor-widget-heading\" data-id=\"645f8267\" data-element_type=\"widget\" data-widget_type=\"heading.default\">\n\t\t\t\t<div class=\"elementor-widget-container\">\n\t\t\t\t\t<h1 class=\"elementor-heading-title elementor-size-default\">O metodi pilates<\/h1>\t\t\t\t<\/div>\n\t\t\t\t<\/div>\n\t\t\t\t<div class=\"elementor-element elementor-element-3515c82c elementor-widget-divider--view-line elementor-widget elementor-widget-divider\" data-id=\"3515c82c\" data-element_type=\"widget\" data-widget_type=\"divider.default\">\n\t\t\t\t<div class=\"elementor-widget-container\">\n\t\t\t\t\t\t\t<div class=\"elementor-divider\">\n\t\t\t<span class=\"elementor-divider-separator\">\n\t\t\t\t\t\t<\/span>\n\t\t<\/div>\n\t\t\t\t\t\t<\/div>\n\t\t\t\t<\/div>\n\t\t\t\t<div class=\"elementor-element elementor-element-2bc80304 elementor-widget elementor-widget-text-editor\" data-id=\"2bc80304\" data-element_type=\"widget\" data-widget_type=\"text-editor.default\">\n\t\t\t\t<div class=\"elementor-widget-container\">\n\t\t\t\t\t\t\t\t\t<h3 style=\"text-align: center;\">\u201cUm je taj koji oblikuje tijelo\u201d<\/h3><p>Danas gotovo da nema osobe koja nije \u010dula za pilates, velik je broj onih koji su se u njemu oku\u0161ali, no malo tko zna da je pilates puno vi\u0161e od metode vje\u017ebanja.<\/p>\t\t\t\t\t\t\t\t<\/div>\n\t\t\t\t<\/div>\n\t\t\t\t<div class=\"elementor-element elementor-element-2350d762 elementor-widget elementor-widget-image\" data-id=\"2350d762\" data-element_type=\"widget\" data-widget_type=\"image.default\">\n\t\t\t\t<div class=\"elementor-widget-container\">\n\t\t\t\t\t\t\t\t\t\t\t\t\t\t\t\t<a href=\"https:\/\/proage.hr\/wp-content\/uploads\/2023\/04\/joga.jpg\" data-elementor-open-lightbox=\"yes\" data-elementor-lightbox-title=\"joga\" data-e-action-hash=\"#elementor-action%3Aaction%3Dlightbox%26settings%3DeyJpZCI6NzE2MCwidXJsIjoiaHR0cHM6XC9cL3Byb2FnZS5oclwvd3AtY29udGVudFwvdXBsb2Fkc1wvMjAyM1wvMDRcL2pvZ2EuanBnIn0%3D\">\n\t\t\t\t\t\t\t<img fetchpriority=\"high\" decoding=\"async\" width=\"1024\" height=\"682\" src=\"https:\/\/proage.hr\/wp-content\/uploads\/2023\/04\/joga.jpg\" class=\"attachment-large size-large wp-image-7160\" alt=\"\" srcset=\"https:\/\/proage.hr\/wp-content\/uploads\/2023\/04\/joga.jpg 1024w, https:\/\/proage.hr\/wp-content\/uploads\/2023\/04\/joga-300x200.jpg 300w, https:\/\/proage.hr\/wp-content\/uploads\/2023\/04\/joga-768x512.jpg 768w, https:\/\/proage.hr\/wp-content\/uploads\/2023\/04\/joga-18x12.jpg 18w\" sizes=\"(max-width: 1024px) 100vw, 1024px\" \/>\t\t\t\t\t\t\t\t<\/a>\n\t\t\t\t\t\t\t\t\t\t\t\t\t\t\t<\/div>\n\t\t\t\t<\/div>\n\t\t\t\t<div class=\"elementor-element elementor-element-132dc0fc elementor-widget elementor-widget-text-editor\" data-id=\"132dc0fc\" data-element_type=\"widget\" data-widget_type=\"text-editor.default\">\n\t\t\t\t<div class=\"elementor-widget-container\">\n\t\t\t\t\t\t\t\t\t<p>Dva djela tvorca pilatesa, Nijemca Joseph Hubertus Pilatesa, \u201cYour health\u201d i \u201cReturn to life through Contrology\u201d, u pravom su smislu rije\u010di sto godina stari pro-age priru\u010dnici u kojima nas autor upozorava na va\u017enost pravovremenog ulaganja u zdravlje detaljno obra\u0111uju\u0107i temu holisti\u010dkog pristupa zdravlju kroz pravilno disanje, prehranu, kvalitetan odmor te adekvatnu tjelovje\u017ebu.<\/p>\t\t\t\t\t\t\t\t<\/div>\n\t\t\t\t<\/div>\n\t\t\t\t<div class=\"elementor-element elementor-element-e820f8b elementor-widget elementor-widget-toggle\" data-id=\"e820f8b\" data-element_type=\"widget\" data-widget_type=\"toggle.default\">\n\t\t\t\t<div class=\"elementor-widget-container\">\n\t\t\t\t\t\t\t<div class=\"elementor-toggle\">\n\t\t\t\t\t\t\t<div class=\"elementor-toggle-item\">\n\t\t\t\t\t<div id=\"elementor-tab-title-2431\" class=\"elementor-tab-title\" data-tab=\"1\" role=\"button\" aria-controls=\"elementor-tab-content-2431\" aria-expanded=\"false\">\n\t\t\t\t\t\t\t\t\t\t\t\t<span class=\"elementor-toggle-icon elementor-toggle-icon-left\" aria-hidden=\"true\">\n\t\t\t\t\t\t\t\t\t\t\t\t\t\t\t<span class=\"elementor-toggle-icon-closed\"><i class=\"fas fa-chevron-down\"><\/i><\/span>\n\t\t\t\t\t\t\t\t<span class=\"elementor-toggle-icon-opened\"><i class=\"elementor-toggle-icon-opened fas fa-chevron-down\"><\/i><\/span>\n\t\t\t\t\t\t\t\t\t\t\t\t\t<\/span>\n\t\t\t\t\t\t\t\t\t\t\t\t<a class=\"elementor-toggle-title\" tabindex=\"0\">Pro\u010ditaj vi\u0161e<\/a>\n\t\t\t\t\t<\/div>\n\n\t\t\t\t\t<div id=\"elementor-tab-content-2431\" class=\"elementor-tab-content elementor-clearfix\" data-tab=\"1\" role=\"region\" aria-labelledby=\"elementor-tab-title-2431\"><p>Ovaj genijalni \u010dovjek je, izu\u010davaju\u0107i anatomiju \u010dovjeka, borila\u010dke vje\u0161tine, jogu i pokrete \u017eivotinja, oblikovao vlastiti program vje\u017ebi koje je nazvao Kontrologija a koja je imala tri izvorna principa: zdravlje tijela, ravnote\u017eu tijela i duha i pravilno disanje.<\/p><p>Po\u010dev\u0161i od balerina i glumica, koje su se jo\u0161 60-tih godina pro\u0161log stolje\u0107a zaljubile u ovaj oblik vje\u017ebanja u Josephovom njujor\u0161kom studiju, preko vrhunskih sporta\u0161a dana\u0161njice kojima je postao sastavni dio treninga, do kinezioterapeuta koji ga koriste kao oblik rehabilitacije, pilates je kroz stolje\u0107e postepeno ali sigurno gradio svoj ugled.<\/p><p>Sistematski odabranim vje\u017ebama te tehnikom disanja, pilatesom unapre\u0111ujemo snagu, mobilnost i fleksibilnost, a tijelu vra\u0107amo ravnote\u017eu potrebnu za siguran pokret.<\/p><\/div>\n\t\t\t\t<\/div>\n\t\t\t\t\t\t\t\t<\/div>\n\t\t\t\t\t\t<\/div>\n\t\t\t\t<\/div>\n\t\t\t\t\t<\/div>\n\t\t<\/div>\n\t\t\t\t\t<\/div>\n\t\t<\/section>\n\t\t\t\t<section class=\"elementor-section elementor-top-section elementor-element elementor-element-4261d4bd ct-section-stretched elementor-section-full_width elementor-section-height-default elementor-section-height-default\" data-id=\"4261d4bd\" data-element_type=\"section\" data-settings=\"{&quot;background_background&quot;:&quot;classic&quot;}\">\n\t\t\t\t\t\t<div class=\"elementor-container elementor-column-gap-default\">\n\t\t\t\t\t<div class=\"elementor-column elementor-col-100 elementor-top-column elementor-element elementor-element-369f00af\" data-id=\"369f00af\" data-element_type=\"column\">\n\t\t\t<div class=\"elementor-widget-wrap\">\n\t\t\t\t\t\t\t<\/div>\n\t\t<\/div>\n\t\t\t\t\t<\/div>\n\t\t<\/section>\n\t\t\t\t<\/div>","protected":false},"excerpt":{"rendered":"<p>About the pilates method &#8220;It is the mind itself that shapes the body&#8221; Although the number of people practicing Pilates is growing every day, most people still do not know that Pilates is much more than an exercise method. The two books by the inventor of Pilates, Joseph Hubertus Pilates, &#8220;Your Health&#8221; and &#8220;Return to Life through Contrology&#8221;, are literally century-old pro-age manuals in which the author warns us about the importance of holistic approach to health through proper breathing, nutrition, good rest and adequate exercise. Read more This brilliant man, who studied human anatomy, martial arts, yoga, and animal\u2026<\/p>","protected":false},"author":1,"featured_media":0,"parent":0,"menu_order":0,"comment_status":"closed","ping_status":"closed","template":"elementor_header_footer","meta":{"footnotes":""},"class_list":["post-12","page","type-page","status-publish","hentry"],"blocksy_meta":{"styles_descriptor":{"styles":{"desktop":"","tablet":"","mobile":""},"google_fonts":[],"version":5}},"yoast_head":"<!-- This site is optimized with the Yoast SEO plugin v26.5 - https:\/\/yoast.com\/wordpress\/plugins\/seo\/ -->\n<title>Pilates method - ProAge<\/title>\n<meta name=\"robots\" content=\"index, follow, max-snippet:-1, max-image-preview:large, max-video-preview:-1\" \/>\n<link rel=\"canonical\" href=\"https:\/\/proage.hr\/hr\/pilates-method\/\" \/>\n<meta property=\"og:locale\" content=\"hr_HR\" \/>\n<meta property=\"og:type\" content=\"article\" \/>\n<meta property=\"og:title\" content=\"Pilates method - ProAge\" \/>\n<meta property=\"og:description\" content=\"About the pilates method &#8220;It is the mind itself that shapes the body&#8221; Although the number of people practicing Pilates is growing every day, most people still do not know that Pilates is much more than an exercise method. The two books by the inventor of Pilates, Joseph Hubertus Pilates, &#8220;Your Health&#8221; and &#8220;Return to Life through Contrology&#8221;, are literally century-old pro-age manuals in which the author warns us about the importance of holistic approach to health through proper breathing, nutrition, good rest and adequate exercise. Read more This brilliant man, who studied human anatomy, martial arts, yoga, and animal\u2026\" \/>\n<meta property=\"og:url\" content=\"https:\/\/proage.hr\/hr\/pilates-method\/\" \/>\n<meta property=\"og:site_name\" content=\"ProAge\" \/>\n<meta property=\"article:publisher\" content=\"https:\/\/www.facebook.com\/yelenaatabeyki\" \/>\n<meta property=\"article:modified_time\" content=\"2023-04-07T11:07:07+00:00\" \/>\n<meta property=\"og:image\" content=\"https:\/\/proage.hr\/wp-content\/uploads\/2023\/04\/joga.jpg\" \/>\n<meta name=\"twitter:card\" content=\"summary_large_image\" \/>\n<meta name=\"twitter:label1\" content=\"Procijenjeno vrijeme \u010ditanja\" \/>\n\t<meta name=\"twitter:data1\" content=\"1 minuta\" \/>\n<script type=\"application\/ld+json\" class=\"yoast-schema-graph\">{\"@context\":\"https:\/\/schema.org\",\"@graph\":[{\"@type\":\"WebPage\",\"@id\":\"https:\/\/proage.hr\/pilates-method\/\",\"url\":\"https:\/\/proage.hr\/pilates-method\/\",\"name\":\"Pilates method - ProAge\",\"isPartOf\":{\"@id\":\"https:\/\/proage.hr\/#website\"},\"primaryImageOfPage\":{\"@id\":\"https:\/\/proage.hr\/pilates-method\/#primaryimage\"},\"image\":{\"@id\":\"https:\/\/proage.hr\/pilates-method\/#primaryimage\"},\"thumbnailUrl\":\"https:\/\/proage.hr\/wp-content\/uploads\/2023\/04\/joga.jpg\",\"datePublished\":\"2022-12-13T16:27:33+00:00\",\"dateModified\":\"2023-04-07T11:07:07+00:00\",\"breadcrumb\":{\"@id\":\"https:\/\/proage.hr\/pilates-method\/#breadcrumb\"},\"inLanguage\":\"hr\",\"potentialAction\":[{\"@type\":\"ReadAction\",\"target\":[\"https:\/\/proage.hr\/pilates-method\/\"]}]},{\"@type\":\"ImageObject\",\"inLanguage\":\"hr\",\"@id\":\"https:\/\/proage.hr\/pilates-method\/#primaryimage\",\"url\":\"https:\/\/proage.hr\/wp-content\/uploads\/2023\/04\/joga.jpg\",\"contentUrl\":\"https:\/\/proage.hr\/wp-content\/uploads\/2023\/04\/joga.jpg\"},{\"@type\":\"BreadcrumbList\",\"@id\":\"https:\/\/proage.hr\/pilates-method\/#breadcrumb\",\"itemListElement\":[{\"@type\":\"ListItem\",\"position\":1,\"name\":\"Home\",\"item\":\"https:\/\/proage.hr\/\"},{\"@type\":\"ListItem\",\"position\":2,\"name\":\"Pilates method\"}]},{\"@type\":\"WebSite\",\"@id\":\"https:\/\/proage.hr\/#website\",\"url\":\"https:\/\/proage.hr\/\",\"name\":\"ProAge\",\"description\":\"Face exercise method, Pilates method\",\"potentialAction\":[{\"@type\":\"SearchAction\",\"target\":{\"@type\":\"EntryPoint\",\"urlTemplate\":\"https:\/\/proage.hr\/?s={search_term_string}\"},\"query-input\":{\"@type\":\"PropertyValueSpecification\",\"valueRequired\":true,\"valueName\":\"search_term_string\"}}],\"inLanguage\":\"hr\"}]}<\/script>\n<!-- \/ Yoast SEO plugin. -->","yoast_head_json":{"title":"Pilates method - ProAge","robots":{"index":"index","follow":"follow","max-snippet":"max-snippet:-1","max-image-preview":"max-image-preview:large","max-video-preview":"max-video-preview:-1"},"canonical":"https:\/\/proage.hr\/hr\/pilates-method\/","og_locale":"hr_HR","og_type":"article","og_title":"Pilates method - ProAge","og_description":"About the pilates method &#8220;It is the mind itself that shapes the body&#8221; Although the number of people practicing Pilates is growing every day, most people still do not know that Pilates is much more than an exercise method. The two books by the inventor of Pilates, Joseph Hubertus Pilates, &#8220;Your Health&#8221; and &#8220;Return to Life through Contrology&#8221;, are literally century-old pro-age manuals in which the author warns us about the importance of holistic approach to health through proper breathing, nutrition, good rest and adequate exercise. Read more This brilliant man, who studied human anatomy, martial arts, yoga, and animal\u2026","og_url":"https:\/\/proage.hr\/hr\/pilates-method\/","og_site_name":"ProAge","article_publisher":"https:\/\/www.facebook.com\/yelenaatabeyki","article_modified_time":"2023-04-07T11:07:07+00:00","og_image":[{"url":"https:\/\/proage.hr\/wp-content\/uploads\/2023\/04\/joga.jpg","type":"","width":"","height":""}],"twitter_card":"summary_large_image","twitter_misc":{"Procijenjeno vrijeme \u010ditanja":"1 minuta"},"schema":{"@context":"https:\/\/schema.org","@graph":[{"@type":"WebPage","@id":"https:\/\/proage.hr\/pilates-method\/","url":"https:\/\/proage.hr\/pilates-method\/","name":"Pilates method - ProAge","isPartOf":{"@id":"https:\/\/proage.hr\/#website"},"primaryImageOfPage":{"@id":"https:\/\/proage.hr\/pilates-method\/#primaryimage"},"image":{"@id":"https:\/\/proage.hr\/pilates-method\/#primaryimage"},"thumbnailUrl":"https:\/\/proage.hr\/wp-content\/uploads\/2023\/04\/joga.jpg","datePublished":"2022-12-13T16:27:33+00:00","dateModified":"2023-04-07T11:07:07+00:00","breadcrumb":{"@id":"https:\/\/proage.hr\/pilates-method\/#breadcrumb"},"inLanguage":"hr","potentialAction":[{"@type":"ReadAction","target":["https:\/\/proage.hr\/pilates-method\/"]}]},{"@type":"ImageObject","inLanguage":"hr","@id":"https:\/\/proage.hr\/pilates-method\/#primaryimage","url":"https:\/\/proage.hr\/wp-content\/uploads\/2023\/04\/joga.jpg","contentUrl":"https:\/\/proage.hr\/wp-content\/uploads\/2023\/04\/joga.jpg"},{"@type":"BreadcrumbList","@id":"https:\/\/proage.hr\/pilates-method\/#breadcrumb","itemListElement":[{"@type":"ListItem","position":1,"name":"Home","item":"https:\/\/proage.hr\/"},{"@type":"ListItem","position":2,"name":"Pilates method"}]},{"@type":"WebSite","@id":"https:\/\/proage.hr\/#website","url":"https:\/\/proage.hr\/","name":"ProAge","description":"Face exercise method, Pilates method","potentialAction":[{"@type":"SearchAction","target":{"@type":"EntryPoint","urlTemplate":"https:\/\/proage.hr\/?s={search_term_string}"},"query-input":{"@type":"PropertyValueSpecification","valueRequired":true,"valueName":"search_term_string"}}],"inLanguage":"hr"}]}},"_links":{"self":[{"href":"https:\/\/proage.hr\/hr\/wp-json\/wp\/v2\/pages\/12","targetHints":{"allow":["GET"]}}],"collection":[{"href":"https:\/\/proage.hr\/hr\/wp-json\/wp\/v2\/pages"}],"about":[{"href":"https:\/\/proage.hr\/hr\/wp-json\/wp\/v2\/types\/page"}],"author":[{"embeddable":true,"href":"https:\/\/proage.hr\/hr\/wp-json\/wp\/v2\/users\/1"}],"replies":[{"embeddable":true,"href":"https:\/\/proage.hr\/hr\/wp-json\/wp\/v2\/comments?post=12"}],"version-history":[{"count":192,"href":"https:\/\/proage.hr\/hr\/wp-json\/wp\/v2\/pages\/12\/revisions"}],"predecessor-version":[{"id":7163,"href":"https:\/\/proage.hr\/hr\/wp-json\/wp\/v2\/pages\/12\/revisions\/7163"}],"wp:attachment":[{"href":"https:\/\/proage.hr\/hr\/wp-json\/wp\/v2\/media?parent=12"}],"curies":[{"name":"wp","href":"https:\/\/api.w.org\/{rel}","templated":true}]}}