{"id":30,"date":"2022-12-13T17:05:54","date_gmt":"2022-12-13T17:05:54","guid":{"rendered":"https:\/\/proage.hr\/?page_id=30"},"modified":"2023-04-04T00:05:57","modified_gmt":"2023-04-03T22:05:57","slug":"cookies","status":"publish","type":"page","link":"https:\/\/proage.hr\/hr\/cookies\/","title":{"rendered":"Kola\u010di\u0107i"},"content":{"rendered":"<div data-elementor-type=\"wp-page\" data-elementor-id=\"30\" class=\"elementor elementor-30\" data-elementor-post-type=\"page\">\n\t\t\t\t\t\t<section class=\"elementor-section elementor-top-section elementor-element elementor-element-539518a7 elementor-section-boxed elementor-section-height-default elementor-section-height-default\" data-id=\"539518a7\" data-element_type=\"section\" data-settings=\"{&quot;shape_divider_bottom&quot;:&quot;tilt&quot;}\">\n\t\t\t\t\t<div class=\"elementor-shape elementor-shape-bottom\" aria-hidden=\"true\" data-negative=\"false\">\n\t\t\t<svg xmlns=\"http:\/\/www.w3.org\/2000\/svg\" viewbox=\"0 0 1000 100\" preserveaspectratio=\"none\">\n\t<path class=\"elementor-shape-fill\" d=\"M0,6V0h1000v100L0,6z\"\/>\n<\/svg>\t\t<\/div>\n\t\t\t\t\t<div class=\"elementor-container elementor-column-gap-default\">\n\t\t\t\t\t<div class=\"elementor-column elementor-col-100 elementor-top-column elementor-element elementor-element-1078c045\" data-id=\"1078c045\" data-element_type=\"column\">\n\t\t\t<div class=\"elementor-widget-wrap elementor-element-populated\">\n\t\t\t\t\t\t<div class=\"elementor-element elementor-element-3b2a5b90 elementor-widget elementor-widget-spacer\" data-id=\"3b2a5b90\" data-element_type=\"widget\" data-widget_type=\"spacer.default\">\n\t\t\t\t<div class=\"elementor-widget-container\">\n\t\t\t\t\t\t\t<div class=\"elementor-spacer\">\n\t\t\t<div class=\"elementor-spacer-inner\"><\/div>\n\t\t<\/div>\n\t\t\t\t\t\t<\/div>\n\t\t\t\t<\/div>\n\t\t\t\t\t<\/div>\n\t\t<\/div>\n\t\t\t\t\t<\/div>\n\t\t<\/section>\n\t\t\t\t<section class=\"elementor-section elementor-top-section elementor-element elementor-element-eedb853 elementor-section-boxed elementor-section-height-default elementor-section-height-default\" data-id=\"eedb853\" data-element_type=\"section\" data-settings=\"{&quot;background_background&quot;:&quot;classic&quot;}\">\n\t\t\t\t\t\t<div class=\"elementor-container elementor-column-gap-default\">\n\t\t\t\t\t<div class=\"elementor-column elementor-col-100 elementor-top-column elementor-element elementor-element-2ffbbaed\" data-id=\"2ffbbaed\" data-element_type=\"column\">\n\t\t\t<div class=\"elementor-widget-wrap elementor-element-populated\">\n\t\t\t\t\t\t<div class=\"elementor-element elementor-element-4f6a9b24 elementor-widget elementor-widget-heading\" data-id=\"4f6a9b24\" data-element_type=\"widget\" data-widget_type=\"heading.default\">\n\t\t\t\t<div class=\"elementor-widget-container\">\n\t\t\t\t\t<h1 class=\"elementor-heading-title elementor-size-default\">Kola\u010di\u0107i<\/h1>\t\t\t\t<\/div>\n\t\t\t\t<\/div>\n\t\t\t\t<div class=\"elementor-element elementor-element-7b0e20d6 elementor-widget-divider--view-line elementor-widget elementor-widget-divider\" data-id=\"7b0e20d6\" data-element_type=\"widget\" data-widget_type=\"divider.default\">\n\t\t\t\t<div class=\"elementor-widget-container\">\n\t\t\t\t\t\t\t<div class=\"elementor-divider\">\n\t\t\t<span class=\"elementor-divider-separator\">\n\t\t\t\t\t\t<\/span>\n\t\t<\/div>\n\t\t\t\t\t\t<\/div>\n\t\t\t\t<\/div>\n\t\t\t\t<div class=\"elementor-element elementor-element-1c71f73 elementor-widget elementor-widget-text-editor\" data-id=\"1c71f73\" data-element_type=\"widget\" data-widget_type=\"text-editor.default\">\n\t\t\t\t<div class=\"elementor-widget-container\">\n\t\t\t\t\t\t\t\t\t<p>Ova web-stranica koristi kola\u010di\u0107e. Kori\u0161tenjem ove web stranice pristajete na uporabu kola\u010di\u0107a. Mo\u017eete blokirati kola\u010di\u0107e po vrstama, nakon \u010dega \u0107ete i dalje mo\u0107i pregledavati stranicu, no neke njezine mogu\u0107nosti ne\u0107e Vam biti dostupne.<\/p><p><strong>\u0160TO JE KOLA\u010cI\u0106 (COOKIE)?<\/strong><\/p><p>Kola\u010di\u0107 je informacija spremljena na Va\u0161e ra\u010dunalo (ili mobitel) od strane web stranice koju posjetite. Kola\u010di\u0107i su male tekstne datoteke kojima se koriste internetske stranice kako bi unaprijedile korisni\u010dko iskustvo. Zakon dopu\u0161ta spremanje kola\u010di\u0107a na va\u0161 ure\u0111aj ako je izri\u010dito potreban za rad stranice. Za sve ostale vrste kola\u010di\u0107a potrebno nam je va\u0161e dopu\u0161tenje.<\/p><p><strong>ZA\u0160TO UPOTREBLJAVAMO KOLA\u010cI\u0106E?<\/strong><\/p><p>Kola\u010di\u0107e upotrebljavamo kako bismo personalizirali sadr\u017eaj i oglase. Mo\u017eemo omogu\u0107iti zna\u010dajke dru\u0161tvenih medija i analizirati promet. Nastavkom kori\u0161tenja ove web stranice vi prihva\u0107ate na\u0161u upotrebu kola\u010di\u0107a.<\/p><p><strong>ZA KOJE SVRHE KORISTIMO KOLA\u010cI\u0106E?<\/strong><\/p><p>Ova web stranica kola\u010di\u0107e koristi:<\/p><ul><li>Za pravilan rad web stranice,<\/li><li>Kako bismo personalizirali sadr\u017eaj i oglase,<\/li><li>Omogu\u0107ili zna\u010dajke dru\u0161tvenih medija,<\/li><li>Za bolje korisni\u010dko iskustvo posjetiteljima ove web stranice,<\/li><li>Za statistiku posje\u0107enosti ove web stranice<\/li><\/ul><p><strong>KOJE VRSTE KOLA\u010cI\u0106A POSTOJE?<\/strong><\/p><p>Kola\u010di\u0107i prema trajanju:<\/p><ul><li><strong>PRIVREMENI KOLA\u010cI\u0106I (KOLA\u010cI\u0106I SESIJE)<\/strong>\u00a0\u2013 Uklanjaju se kada zatvorite Va\u0161 internetski preglednik koji koristite. Ti kola\u010di\u0107i su nu\u017eni za odre\u0111ene funkcionalnosti na ovoj stranici.<\/li><li><strong>TRAJNI KOLA\u010cI\u0106I<\/strong>\u00a0\u2013 Ostaju na Va\u0161em ra\u010dunalu i nakon zatvaranja internetskog preglednika. Vremenski period ovisit \u0107e o izboru postavki na Va\u0161em internetskom pregledniku. Slu\u017ee za pohranu podataka. Dobar primjer je pohrana Va\u0161eg korisni\u010dkog imena ili lozinke prilikom ulaska na neku web stranicu.<\/li><\/ul><p>Kola\u010di\u0107i prema izvoru:<\/p><ul><li><strong>KOLA\u010cI\u0106I PRVE STRANE<\/strong>\u00a0\u2013 dolaze s web stranice na kojoj se nalazite. Ti kola\u010di\u0107i mogu biti privremeni ili stalni.<\/li><li><strong>KOLA\u010cI\u0106I TRE\u0106E STRANE<\/strong>\u00a0\u2013 koriste se za vanjske servise (Google Analytics). Pomo\u0107u kola\u010di\u0107a tre\u0107e strane vanjski servisi prikupljaju anonimne podatke posjetitelja te slu\u017ee kao pomo\u0107 pri analizi broja posjetitelja, kori\u0161tenja web stranice i sli\u010dno. Trebate pogledati politiku privatnosti te tre\u0107e strane. Ako ste u Europskoj uniji mo\u017eete saznati kako tre\u0107e strane koriste ove vrste kola\u010di\u0107a na linku\u00a0<a href=\"http:\/\/www.youronlinechoices.eu\/\">http:\/\/www.youronlinechoices.eu\/<\/a><\/li><\/ul><p>Kola\u010di\u0107i prema namjeni:<\/p><ul><li><strong>NU\u017dNI KOLA\u010cI\u0106I,<\/strong><\/li><li><strong>KOLA\u010cI\u0106I ZA POSTAVKE,<\/strong><\/li><li><strong>STATISTI\u010cKI KOLA\u010cI\u0106I,<\/strong><\/li><li><strong>MARKETIN\u0160KI KOLA\u010cI\u0106I.<\/strong><\/li><\/ul><p><strong>KAKO PRIHVATITI ILI ONEMOGU\u0106ITI (BLOKIRATI) KOLA\u010cI\u0106E?<\/strong><\/p><p>U bilo kojem trenutku Vi mo\u017eete promijeniti ili povu\u0107i Va\u0161 pristanak na kori\u0161tenje kola\u010di\u0107a. Isklju\u010divanjem kola\u010di\u0107a (osim nu\u017enih) odlu\u010dujete da li ho\u0107ete dopustiti pohranjivanje kola\u010di\u0107a na va\u0161em ra\u010dunalu.<br \/>Dugme za postavke kola\u010di\u0107a u kojima mo\u017eete promijeniti svoj pristanak ili povu\u0107i svoju suglasnost nalazi se u podno\u017eju ove web stranice.<\/p><p>Kako prikupljamo i obra\u0111ujemo Va\u0161e osobne podatke pogledajte u na\u0161oj Politici privatnosti na ovoj web stranici.<\/p><p>Va\u0161 pristanak odnosi se na domenu: <a href=\"https:\/\/proage.hr\/hr\/\">https:\/\/proage.hr\/<\/a><\/p>\t\t\t\t\t\t\t\t<\/div>\n\t\t\t\t<\/div>\n\t\t\t\t\t<\/div>\n\t\t<\/div>\n\t\t\t\t\t<\/div>\n\t\t<\/section>\n\t\t\t\t<section class=\"elementor-section elementor-top-section elementor-element elementor-element-466a3d8a ct-section-stretched elementor-section-full_width elementor-section-height-default elementor-section-height-default\" data-id=\"466a3d8a\" data-element_type=\"section\" data-settings=\"{&quot;background_background&quot;:&quot;classic&quot;}\">\n\t\t\t\t\t\t<div class=\"elementor-container elementor-column-gap-default\">\n\t\t\t\t\t<div class=\"elementor-column elementor-col-100 elementor-top-column elementor-element elementor-element-7e07dab2\" data-id=\"7e07dab2\" data-element_type=\"column\">\n\t\t\t<div class=\"elementor-widget-wrap\">\n\t\t\t\t\t\t\t<\/div>\n\t\t<\/div>\n\t\t\t\t\t<\/div>\n\t\t<\/section>\n\t\t\t\t<\/div>","protected":false},"excerpt":{"rendered":"<p>Cookies Ova web-stranica koristi kola\u010di\u0107e. Kori\u0161tenjem ove web stranice pristajete na uporabu kola\u010di\u0107a. Mo\u017eete blokirati kola\u010di\u0107e po vrstama, nakon \u010dega \u0107ete i dalje mo\u0107i pregledavati stranicu, no neke njezine mogu\u0107nosti ne\u0107e Vam biti dostupne. \u0160TO JE KOLA\u010cI\u0106 (COOKIE)? Kola\u010di\u0107 je informacija spremljena na Va\u0161e ra\u010dunalo (ili mobitel) od strane web stranice koju posjetite. Kola\u010di\u0107i su male tekstne datoteke kojima se koriste internetske stranice kako bi unaprijedile korisni\u010dko iskustvo. Zakon dopu\u0161ta spremanje kola\u010di\u0107a na va\u0161 ure\u0111aj ako je izri\u010dito potreban za rad stranice. Za sve ostale vrste kola\u010di\u0107a potrebno nam je va\u0161e dopu\u0161tenje. ZA\u0160TO UPOTREBLJAVAMO KOLA\u010cI\u0106E? Kola\u010di\u0107e upotrebljavamo kako bismo personalizirali\u2026<\/p>","protected":false},"author":1,"featured_media":0,"parent":0,"menu_order":0,"comment_status":"closed","ping_status":"closed","template":"elementor_header_footer","meta":{"footnotes":""},"class_list":["post-30","page","type-page","status-publish","hentry"],"blocksy_meta":{"styles_descriptor":{"styles":{"desktop":"","tablet":"","mobile":""},"google_fonts":[],"version":5}},"yoast_head":"<!-- This site is optimized with the Yoast SEO plugin v26.5 - https:\/\/yoast.com\/wordpress\/plugins\/seo\/ -->\n<title>Cookies - ProAge<\/title>\n<meta name=\"robots\" content=\"index, follow, max-snippet:-1, max-image-preview:large, max-video-preview:-1\" \/>\n<link rel=\"canonical\" href=\"https:\/\/proage.hr\/hr\/cookies\/\" \/>\n<meta property=\"og:locale\" content=\"hr_HR\" \/>\n<meta property=\"og:type\" content=\"article\" \/>\n<meta property=\"og:title\" content=\"Cookies - ProAge\" \/>\n<meta property=\"og:description\" content=\"Cookies Ova web-stranica koristi kola\u010di\u0107e. Kori\u0161tenjem ove web stranice pristajete na uporabu kola\u010di\u0107a. Mo\u017eete blokirati kola\u010di\u0107e po vrstama, nakon \u010dega \u0107ete i dalje mo\u0107i pregledavati stranicu, no neke njezine mogu\u0107nosti ne\u0107e Vam biti dostupne. \u0160TO JE KOLA\u010cI\u0106 (COOKIE)? Kola\u010di\u0107 je informacija spremljena na Va\u0161e ra\u010dunalo (ili mobitel) od strane web stranice koju posjetite. Kola\u010di\u0107i su male tekstne datoteke kojima se koriste internetske stranice kako bi unaprijedile korisni\u010dko iskustvo. Zakon dopu\u0161ta spremanje kola\u010di\u0107a na va\u0161 ure\u0111aj ako je izri\u010dito potreban za rad stranice. Za sve ostale vrste kola\u010di\u0107a potrebno nam je va\u0161e dopu\u0161tenje. ZA\u0160TO UPOTREBLJAVAMO KOLA\u010cI\u0106E? Kola\u010di\u0107e upotrebljavamo kako bismo personalizirali\u2026\" \/>\n<meta property=\"og:url\" content=\"https:\/\/proage.hr\/hr\/cookies\/\" \/>\n<meta property=\"og:site_name\" content=\"ProAge\" \/>\n<meta property=\"article:publisher\" content=\"https:\/\/www.facebook.com\/yelenaatabeyki\" \/>\n<meta property=\"article:modified_time\" content=\"2023-04-03T22:05:57+00:00\" \/>\n<meta name=\"twitter:card\" content=\"summary_large_image\" \/>\n<meta name=\"twitter:label1\" content=\"Procijenjeno vrijeme \u010ditanja\" \/>\n\t<meta name=\"twitter:data1\" content=\"3 minute\" \/>\n<script type=\"application\/ld+json\" class=\"yoast-schema-graph\">{\"@context\":\"https:\/\/schema.org\",\"@graph\":[{\"@type\":\"WebPage\",\"@id\":\"https:\/\/proage.hr\/cookies\/\",\"url\":\"https:\/\/proage.hr\/cookies\/\",\"name\":\"Cookies - ProAge\",\"isPartOf\":{\"@id\":\"https:\/\/proage.hr\/#website\"},\"datePublished\":\"2022-12-13T17:05:54+00:00\",\"dateModified\":\"2023-04-03T22:05:57+00:00\",\"breadcrumb\":{\"@id\":\"https:\/\/proage.hr\/cookies\/#breadcrumb\"},\"inLanguage\":\"hr\",\"potentialAction\":[{\"@type\":\"ReadAction\",\"target\":[\"https:\/\/proage.hr\/cookies\/\"]}]},{\"@type\":\"BreadcrumbList\",\"@id\":\"https:\/\/proage.hr\/cookies\/#breadcrumb\",\"itemListElement\":[{\"@type\":\"ListItem\",\"position\":1,\"name\":\"Home\",\"item\":\"https:\/\/proage.hr\/\"},{\"@type\":\"ListItem\",\"position\":2,\"name\":\"Cookies\"}]},{\"@type\":\"WebSite\",\"@id\":\"https:\/\/proage.hr\/#website\",\"url\":\"https:\/\/proage.hr\/\",\"name\":\"ProAge\",\"description\":\"Face exercise method, Pilates method\",\"potentialAction\":[{\"@type\":\"SearchAction\",\"target\":{\"@type\":\"EntryPoint\",\"urlTemplate\":\"https:\/\/proage.hr\/?s={search_term_string}\"},\"query-input\":{\"@type\":\"PropertyValueSpecification\",\"valueRequired\":true,\"valueName\":\"search_term_string\"}}],\"inLanguage\":\"hr\"}]}<\/script>\n<!-- \/ Yoast SEO plugin. -->","yoast_head_json":{"title":"Cookies - ProAge","robots":{"index":"index","follow":"follow","max-snippet":"max-snippet:-1","max-image-preview":"max-image-preview:large","max-video-preview":"max-video-preview:-1"},"canonical":"https:\/\/proage.hr\/hr\/cookies\/","og_locale":"hr_HR","og_type":"article","og_title":"Cookies - ProAge","og_description":"Cookies Ova web-stranica koristi kola\u010di\u0107e. Kori\u0161tenjem ove web stranice pristajete na uporabu kola\u010di\u0107a. Mo\u017eete blokirati kola\u010di\u0107e po vrstama, nakon \u010dega \u0107ete i dalje mo\u0107i pregledavati stranicu, no neke njezine mogu\u0107nosti ne\u0107e Vam biti dostupne. \u0160TO JE KOLA\u010cI\u0106 (COOKIE)? Kola\u010di\u0107 je informacija spremljena na Va\u0161e ra\u010dunalo (ili mobitel) od strane web stranice koju posjetite. Kola\u010di\u0107i su male tekstne datoteke kojima se koriste internetske stranice kako bi unaprijedile korisni\u010dko iskustvo. Zakon dopu\u0161ta spremanje kola\u010di\u0107a na va\u0161 ure\u0111aj ako je izri\u010dito potreban za rad stranice. Za sve ostale vrste kola\u010di\u0107a potrebno nam je va\u0161e dopu\u0161tenje. ZA\u0160TO UPOTREBLJAVAMO KOLA\u010cI\u0106E? Kola\u010di\u0107e upotrebljavamo kako bismo personalizirali\u2026","og_url":"https:\/\/proage.hr\/hr\/cookies\/","og_site_name":"ProAge","article_publisher":"https:\/\/www.facebook.com\/yelenaatabeyki","article_modified_time":"2023-04-03T22:05:57+00:00","twitter_card":"summary_large_image","twitter_misc":{"Procijenjeno vrijeme \u010ditanja":"3 minute"},"schema":{"@context":"https:\/\/schema.org","@graph":[{"@type":"WebPage","@id":"https:\/\/proage.hr\/cookies\/","url":"https:\/\/proage.hr\/cookies\/","name":"Cookies - ProAge","isPartOf":{"@id":"https:\/\/proage.hr\/#website"},"datePublished":"2022-12-13T17:05:54+00:00","dateModified":"2023-04-03T22:05:57+00:00","breadcrumb":{"@id":"https:\/\/proage.hr\/cookies\/#breadcrumb"},"inLanguage":"hr","potentialAction":[{"@type":"ReadAction","target":["https:\/\/proage.hr\/cookies\/"]}]},{"@type":"BreadcrumbList","@id":"https:\/\/proage.hr\/cookies\/#breadcrumb","itemListElement":[{"@type":"ListItem","position":1,"name":"Home","item":"https:\/\/proage.hr\/"},{"@type":"ListItem","position":2,"name":"Cookies"}]},{"@type":"WebSite","@id":"https:\/\/proage.hr\/#website","url":"https:\/\/proage.hr\/","name":"ProAge","description":"Face exercise method, Pilates method","potentialAction":[{"@type":"SearchAction","target":{"@type":"EntryPoint","urlTemplate":"https:\/\/proage.hr\/?s={search_term_string}"},"query-input":{"@type":"PropertyValueSpecification","valueRequired":true,"valueName":"search_term_string"}}],"inLanguage":"hr"}]}},"_links":{"self":[{"href":"https:\/\/proage.hr\/hr\/wp-json\/wp\/v2\/pages\/30","targetHints":{"allow":["GET"]}}],"collection":[{"href":"https:\/\/proage.hr\/hr\/wp-json\/wp\/v2\/pages"}],"about":[{"href":"https:\/\/proage.hr\/hr\/wp-json\/wp\/v2\/types\/page"}],"author":[{"embeddable":true,"href":"https:\/\/proage.hr\/hr\/wp-json\/wp\/v2\/users\/1"}],"replies":[{"embeddable":true,"href":"https:\/\/proage.hr\/hr\/wp-json\/wp\/v2\/comments?post=30"}],"version-history":[{"count":77,"href":"https:\/\/proage.hr\/hr\/wp-json\/wp\/v2\/pages\/30\/revisions"}],"predecessor-version":[{"id":6647,"href":"https:\/\/proage.hr\/hr\/wp-json\/wp\/v2\/pages\/30\/revisions\/6647"}],"wp:attachment":[{"href":"https:\/\/proage.hr\/hr\/wp-json\/wp\/v2\/media?parent=30"}],"curies":[{"name":"wp","href":"https:\/\/api.w.org\/{rel}","templated":true}]}}