{"id":34,"date":"2022-12-13T17:06:32","date_gmt":"2022-12-13T17:06:32","guid":{"rendered":"https:\/\/proage.hr\/?page_id=34"},"modified":"2023-04-13T13:11:55","modified_gmt":"2023-04-13T11:11:55","slug":"web-shop-conditions","status":"publish","type":"page","link":"https:\/\/proage.hr\/hr\/web-shop-conditions\/","title":{"rendered":"Uvjeti web trgovine"},"content":{"rendered":"<div data-elementor-type=\"wp-page\" data-elementor-id=\"34\" class=\"elementor elementor-34\" data-elementor-post-type=\"page\">\n\t\t\t\t\t\t<section class=\"elementor-section elementor-top-section elementor-element elementor-element-41f831bb elementor-section-boxed elementor-section-height-default elementor-section-height-default\" data-id=\"41f831bb\" data-element_type=\"section\" data-settings=\"{&quot;shape_divider_bottom&quot;:&quot;tilt&quot;}\">\n\t\t\t\t\t<div class=\"elementor-shape elementor-shape-bottom\" aria-hidden=\"true\" data-negative=\"false\">\n\t\t\t<svg xmlns=\"http:\/\/www.w3.org\/2000\/svg\" viewbox=\"0 0 1000 100\" preserveaspectratio=\"none\">\n\t<path class=\"elementor-shape-fill\" d=\"M0,6V0h1000v100L0,6z\"\/>\n<\/svg>\t\t<\/div>\n\t\t\t\t\t<div class=\"elementor-container elementor-column-gap-default\">\n\t\t\t\t\t<div class=\"elementor-column elementor-col-100 elementor-top-column elementor-element elementor-element-476b30d2\" data-id=\"476b30d2\" data-element_type=\"column\">\n\t\t\t<div class=\"elementor-widget-wrap elementor-element-populated\">\n\t\t\t\t\t\t<div class=\"elementor-element elementor-element-475d832b elementor-widget elementor-widget-spacer\" data-id=\"475d832b\" data-element_type=\"widget\" data-widget_type=\"spacer.default\">\n\t\t\t\t<div class=\"elementor-widget-container\">\n\t\t\t\t\t\t\t<div class=\"elementor-spacer\">\n\t\t\t<div class=\"elementor-spacer-inner\"><\/div>\n\t\t<\/div>\n\t\t\t\t\t\t<\/div>\n\t\t\t\t<\/div>\n\t\t\t\t\t<\/div>\n\t\t<\/div>\n\t\t\t\t\t<\/div>\n\t\t<\/section>\n\t\t\t\t<section class=\"elementor-section elementor-top-section elementor-element elementor-element-ce8a1e1 elementor-section-boxed elementor-section-height-default elementor-section-height-default\" data-id=\"ce8a1e1\" data-element_type=\"section\" data-settings=\"{&quot;background_background&quot;:&quot;classic&quot;}\">\n\t\t\t\t\t\t<div class=\"elementor-container elementor-column-gap-default\">\n\t\t\t\t\t<div class=\"elementor-column elementor-col-100 elementor-top-column elementor-element elementor-element-201d6d3d\" data-id=\"201d6d3d\" data-element_type=\"column\">\n\t\t\t<div class=\"elementor-widget-wrap elementor-element-populated\">\n\t\t\t\t\t\t<div class=\"elementor-element elementor-element-6aae83e8 elementor-widget elementor-widget-heading\" data-id=\"6aae83e8\" data-element_type=\"widget\" data-widget_type=\"heading.default\">\n\t\t\t\t<div class=\"elementor-widget-container\">\n\t\t\t\t\t<h1 class=\"elementor-heading-title elementor-size-default\">Uvjeti kori\u0161tenja<\/h1>\t\t\t\t<\/div>\n\t\t\t\t<\/div>\n\t\t\t\t<div class=\"elementor-element elementor-element-2fbed65 elementor-widget-divider--view-line elementor-widget elementor-widget-divider\" data-id=\"2fbed65\" data-element_type=\"widget\" data-widget_type=\"divider.default\">\n\t\t\t\t<div class=\"elementor-widget-container\">\n\t\t\t\t\t\t\t<div class=\"elementor-divider\">\n\t\t\t<span class=\"elementor-divider-separator\">\n\t\t\t\t\t\t<\/span>\n\t\t<\/div>\n\t\t\t\t\t\t<\/div>\n\t\t\t\t<\/div>\n\t\t\t\t<div class=\"elementor-element elementor-element-316b6267 elementor-widget elementor-widget-text-editor\" data-id=\"316b6267\" data-element_type=\"widget\" data-widget_type=\"text-editor.default\">\n\t\t\t\t<div class=\"elementor-widget-container\">\n\t\t\t\t\t\t\t\t\t<ol>\n \t<li>\n<div>\n<div>Ovi uvjeti odnose se na prodaju proizvoda objavljenih na web stranici www.proage.hr iu katalozima. Kori\u0161tenjem ovih web stranica korisnik www.proage.hr\/kupac potvr\u0111uje da je upoznat i suglasan s Op\u0107im uvjetima poslovanja. Smatra se da su narud\u017ebom u cijelosti prihva\u0107eni Op\u0107i uvjeti poslovanja. Kori\u0161tenjem ovih Internet stranica Korisnik potvr\u0111uje da je upoznat i suglasan s Op\u0107im uvjetima poslovanja i kori\u0161tenja. Nositelj svih prava na web stranici proage.hr je ProAge (u daljnjem tekstu ProAge).<\/div>\n<\/div><\/li>\n \t<li>\n<div>\n<div>Uvjeti kori\u0161tenja propisuju uvjete i pravila za Korisnika i odnose se na kori\u0161tenje web stranice proage.hr. Kori\u0161tenjem Internet stranice Korisnici izjavljuju da se sla\u017eu s Op\u0107im uvjetima poslovanja i kori\u0161tenja te pristaju na kori\u0161tenje Internet stranice proage.hr u skladu s njima. Korisnicima savjetujemo da se prije kupnje upoznaju s ovim Uvjetima te da ih redovito provjeravaju kako bi bili upoznati sa svim pravima i obvezama.<\/div>\n<\/div><\/li>\n \t<li>\n<div>\n<div>Pravo kori\u0161tenja web stranice osobno je pravo Korisnika i ne mo\u017ee se ni na koji na\u010din prenositi na druge fizi\u010dke ili pravne osobe, niti je bilo koji korisnik ovla\u0161ten registrirati druge fizi\u010dke ili pravne osobe.<\/div>\n<\/div><\/li>\n \t<li>\n<div>\n<div>Ugovor o kupoprodaji proizvoda izme\u0111u Kupca i Prodavatelja sklopljen je u trenutku narud\u017ebe proizvoda.<\/div>\n<\/div><\/li>\n \t<li>Kupac mo\u017ee biti samo punoljetna i poslovno sposobna osoba. U ime i za ra\u010dun maloljetnika i potpuno poslovno nesposobnih osoba ugovore mogu zaklju\u010diti njihovi zakonski zastupnici ili skrbnici, a poslovno sposobne osobe mogu zaklju\u010diti ugovor samo uz suglasnost zakonskog zastupnika ili skrbnika. Prodavatelj ne snosi odgovornost za radnje suprotne ovoj odredbi.<\/li>\n \t<li>Korisnik je osobno odgovoran za za\u0161titu povjerljivosti lozinki, na mjestima gdje one kao takve postoje. Korisnik je du\u017ean dati to\u010dne, potpune i va\u017ee\u0107e osobne podatke prilikom ispunjavanja obrasca za registraciju. Postupaju\u0107i suprotno navedenom, ovla\u0161\u0107uje Prodavatelja da takvom korisniku uskrati pristup ili realizaciju svih ili dijela usluga koje nudi proage.hr.<\/li>\n \t<li>\n<div>\n<div>Korisnik je upoznat s \u010dinjenicom da ponekad dolazi do prekida usluge ili doga\u0111aja koji su izvan kontrole ProAge-a, te prihva\u0107a da ProAge nije odgovorna za bilo kakav gubitak podataka do kojeg mo\u017ee do\u0107i tijekom prijenosa informacija na internetu. Korisnik je suglasan i prihva\u0107a da pristup Internet stranicama ponekad mo\u017ee biti u prekidu, privremeno nedostupan ili onemogu\u0107en.<\/div>\n<\/div><\/li>\n \t<li>\n<div>\n<div>ProAge zadr\u017eava pravo u bilo kojem trenutku i bez prethodne najave, ako ocijeni potrebnim, otkazati ili promijeniti sadr\u017eaj Op\u0107ih uvjeta poslovanja, asortiman proizvoda, cijene proizvoda ili sadr\u017eaj web stranice proage.hr. Stoga su Korisnici du\u017eni prije svakog kori\u0161tenja web stranice proage.hr pregledati sadr\u017eaj Op\u0107ih uvjeta. Suprotno postupanje osloba\u0111a Prodavatelja svake odgovornosti. Navedene izmjene stupaju na snagu objavom na www.proage.hr.<\/div>\n<\/div><\/li>\n \t<li>\n<div>\n<div>Kori\u0161tenje ove web stranice proage.hr isklju\u010diva je odgovornost Korisnika. Prodavatelj se osloba\u0111a svake odgovornosti za \u0161tetu koja bi mogla nastati posjetom web stranica proage.hr zbog nezakonitih radnji tre\u0107ih osoba, ra\u010dunalnih virusa, prekida u komunikacijskoj liniji, neovla\u0161tenog pristupa, neprimjerenog pona\u0161anja, nemara i sli\u010dno i dr. slu\u010dajevi za koje prodavatelj nije odgovoran. Prodavatelj se osloba\u0111a svake odgovornosti u slu\u010daju nastanka okolnosti koje onemogu\u0107uju kori\u0161tenje web stranice proage.hr. Uvjeti ovog poglavlja odnose se na cjelokupni sadr\u017eaj web stranice proage.hr.<\/div>\n<\/div><\/li>\n \t<li>\n<div>\n<div>Prodavatelj se u potpunosti odri\u010de svake odgovornosti za to\u010dnost i\/ili potpunost svih podataka i sadr\u017eaja koji se nalaze na web stranici proage.hr. Proage.hr zadr\u017eava pravo pogre\u0161ke u opisu proizvoda i objavljenoj slici prema podacima proizvo\u0111a\u010da. Svi sadr\u017eaji objavljeni na Internet stranici objavljeni su kako bi kupcu olak\u0161ali izbor prilikom kupovine. Ne odgovaramo za nenamjerne pogre\u0161ke.<\/div>\n<\/div><\/li>\n \t<li>\n<div>\n<div>ProAge postavlja sve materijale, fotografije i tekst na web stranicu u dobroj namjeri kako bi kupcu olak\u0161ao izbor pri kupnji. ProAge ne jam\u010di da fotografije proizvoda u potpunosti odgovaraju izgledu samog proizvoda. Ne snosimo odgovornost za mogu\u0107e nenamjerne pogre\u0161ke u opisu proizvoda. Mogu\u0107e je da se stvarni proizvod i fotografije proizvoda i proizvoda opisanog na ovim stranicama razlikuju, ukoliko proizvo\u0111a\u010d promijeni neke od karakteristika ili sadr\u017eaja proizvoda. Svi opisi se redovito i temeljito provjeravaju.<\/div>\n<\/div><\/li>\n \t<li>Na uvjete poslovanja primjenjuje se Zakon o za\u0161titi potro\u0161a\u010da (N.N.41\/14, 110\/15).<\/li>\n \t<li>Podaci o tvrtki:<\/li>\n<\/ol>\n<div>\n<div>Aureola<\/div>\n<div>Kati\u0107ev prilaz 9<\/div>\n<div>ZAGREB, 10 000<\/div>\n<div>IBAN: HR4324840081135145373<\/div>\n<div>Raiffeisenbank Austria d.d.<\/div>\n<div>Zagreb, Magazinska cesta 69<\/div>\n<div>SWIFT: RZBHHR2X<\/div>\n<\/div>\t\t\t\t\t\t\t\t<\/div>\n\t\t\t\t<\/div>\n\t\t\t\t\t<\/div>\n\t\t<\/div>\n\t\t\t\t\t<\/div>\n\t\t<\/section>\n\t\t\t\t<section class=\"elementor-section elementor-top-section elementor-element elementor-element-3ce77d95 ct-section-stretched elementor-section-full_width elementor-section-height-default elementor-section-height-default\" data-id=\"3ce77d95\" data-element_type=\"section\" data-settings=\"{&quot;background_background&quot;:&quot;classic&quot;}\">\n\t\t\t\t\t\t<div class=\"elementor-container elementor-column-gap-default\">\n\t\t\t\t\t<div class=\"elementor-column elementor-col-100 elementor-top-column elementor-element elementor-element-5446e95b\" data-id=\"5446e95b\" data-element_type=\"column\">\n\t\t\t<div class=\"elementor-widget-wrap\">\n\t\t\t\t\t\t\t<\/div>\n\t\t<\/div>\n\t\t\t\t\t<\/div>\n\t\t<\/section>\n\t\t\t\t<\/div>","protected":false},"excerpt":{"rendered":"<p>Terms &amp; Conditions These conditions refer to the sale of products published on the website www.proage.hr and in catalogs. By using these websites, the user of www.proage.hr \/ the customer confirms that he is familiar with and agrees with the General Business Terms and Conditions of Purchase. It is considered that the General Business Terms and Conditions of Purchase are fully accepted by placing an order. By using these Internet pages, the User confirms that he is familiar with and agrees with the General Terms and Conditions of Business and Use. The holder of all rights on the website proage.hr\u2026<\/p>","protected":false},"author":1,"featured_media":0,"parent":0,"menu_order":0,"comment_status":"closed","ping_status":"closed","template":"elementor_header_footer","meta":{"footnotes":""},"class_list":["post-34","page","type-page","status-publish","hentry"],"blocksy_meta":{"styles_descriptor":{"styles":{"desktop":"","tablet":"","mobile":""},"google_fonts":[],"version":5}},"yoast_head":"<!-- This site is optimized with the Yoast SEO plugin v26.5 - https:\/\/yoast.com\/wordpress\/plugins\/seo\/ -->\n<title>Web shop conditions - ProAge<\/title>\n<meta name=\"robots\" content=\"index, follow, max-snippet:-1, max-image-preview:large, max-video-preview:-1\" \/>\n<link rel=\"canonical\" href=\"https:\/\/proage.hr\/hr\/web-shop-conditions\/\" \/>\n<meta property=\"og:locale\" content=\"hr_HR\" \/>\n<meta property=\"og:type\" content=\"article\" \/>\n<meta property=\"og:title\" content=\"Web shop conditions - ProAge\" \/>\n<meta property=\"og:description\" content=\"Terms &amp; Conditions These conditions refer to the sale of products published on the website www.proage.hr and in catalogs. By using these websites, the user of www.proage.hr \/ the customer confirms that he is familiar with and agrees with the General Business Terms and Conditions of Purchase. It is considered that the General Business Terms and Conditions of Purchase are fully accepted by placing an order. By using these Internet pages, the User confirms that he is familiar with and agrees with the General Terms and Conditions of Business and Use. The holder of all rights on the website proage.hr\u2026\" \/>\n<meta property=\"og:url\" content=\"https:\/\/proage.hr\/hr\/web-shop-conditions\/\" \/>\n<meta property=\"og:site_name\" content=\"ProAge\" \/>\n<meta property=\"article:publisher\" content=\"https:\/\/www.facebook.com\/yelenaatabeyki\" \/>\n<meta property=\"article:modified_time\" content=\"2023-04-13T11:11:55+00:00\" \/>\n<meta name=\"twitter:card\" content=\"summary_large_image\" \/>\n<meta name=\"twitter:label1\" content=\"Procijenjeno vrijeme \u010ditanja\" \/>\n\t<meta name=\"twitter:data1\" content=\"4 minute\" \/>\n<script type=\"application\/ld+json\" class=\"yoast-schema-graph\">{\"@context\":\"https:\/\/schema.org\",\"@graph\":[{\"@type\":\"WebPage\",\"@id\":\"https:\/\/proage.hr\/web-shop-conditions\/\",\"url\":\"https:\/\/proage.hr\/web-shop-conditions\/\",\"name\":\"Web shop conditions - ProAge\",\"isPartOf\":{\"@id\":\"https:\/\/proage.hr\/#website\"},\"datePublished\":\"2022-12-13T17:06:32+00:00\",\"dateModified\":\"2023-04-13T11:11:55+00:00\",\"breadcrumb\":{\"@id\":\"https:\/\/proage.hr\/web-shop-conditions\/#breadcrumb\"},\"inLanguage\":\"hr\",\"potentialAction\":[{\"@type\":\"ReadAction\",\"target\":[\"https:\/\/proage.hr\/web-shop-conditions\/\"]}]},{\"@type\":\"BreadcrumbList\",\"@id\":\"https:\/\/proage.hr\/web-shop-conditions\/#breadcrumb\",\"itemListElement\":[{\"@type\":\"ListItem\",\"position\":1,\"name\":\"Home\",\"item\":\"https:\/\/proage.hr\/\"},{\"@type\":\"ListItem\",\"position\":2,\"name\":\"Web shop conditions\"}]},{\"@type\":\"WebSite\",\"@id\":\"https:\/\/proage.hr\/#website\",\"url\":\"https:\/\/proage.hr\/\",\"name\":\"ProAge\",\"description\":\"Face exercise method, Pilates method\",\"potentialAction\":[{\"@type\":\"SearchAction\",\"target\":{\"@type\":\"EntryPoint\",\"urlTemplate\":\"https:\/\/proage.hr\/?s={search_term_string}\"},\"query-input\":{\"@type\":\"PropertyValueSpecification\",\"valueRequired\":true,\"valueName\":\"search_term_string\"}}],\"inLanguage\":\"hr\"}]}<\/script>\n<!-- \/ Yoast SEO plugin. -->","yoast_head_json":{"title":"Web shop conditions - ProAge","robots":{"index":"index","follow":"follow","max-snippet":"max-snippet:-1","max-image-preview":"max-image-preview:large","max-video-preview":"max-video-preview:-1"},"canonical":"https:\/\/proage.hr\/hr\/web-shop-conditions\/","og_locale":"hr_HR","og_type":"article","og_title":"Web shop conditions - ProAge","og_description":"Terms &amp; Conditions These conditions refer to the sale of products published on the website www.proage.hr and in catalogs. By using these websites, the user of www.proage.hr \/ the customer confirms that he is familiar with and agrees with the General Business Terms and Conditions of Purchase. It is considered that the General Business Terms and Conditions of Purchase are fully accepted by placing an order. By using these Internet pages, the User confirms that he is familiar with and agrees with the General Terms and Conditions of Business and Use. The holder of all rights on the website proage.hr\u2026","og_url":"https:\/\/proage.hr\/hr\/web-shop-conditions\/","og_site_name":"ProAge","article_publisher":"https:\/\/www.facebook.com\/yelenaatabeyki","article_modified_time":"2023-04-13T11:11:55+00:00","twitter_card":"summary_large_image","twitter_misc":{"Procijenjeno vrijeme \u010ditanja":"4 minute"},"schema":{"@context":"https:\/\/schema.org","@graph":[{"@type":"WebPage","@id":"https:\/\/proage.hr\/web-shop-conditions\/","url":"https:\/\/proage.hr\/web-shop-conditions\/","name":"Web shop conditions - ProAge","isPartOf":{"@id":"https:\/\/proage.hr\/#website"},"datePublished":"2022-12-13T17:06:32+00:00","dateModified":"2023-04-13T11:11:55+00:00","breadcrumb":{"@id":"https:\/\/proage.hr\/web-shop-conditions\/#breadcrumb"},"inLanguage":"hr","potentialAction":[{"@type":"ReadAction","target":["https:\/\/proage.hr\/web-shop-conditions\/"]}]},{"@type":"BreadcrumbList","@id":"https:\/\/proage.hr\/web-shop-conditions\/#breadcrumb","itemListElement":[{"@type":"ListItem","position":1,"name":"Home","item":"https:\/\/proage.hr\/"},{"@type":"ListItem","position":2,"name":"Web shop conditions"}]},{"@type":"WebSite","@id":"https:\/\/proage.hr\/#website","url":"https:\/\/proage.hr\/","name":"ProAge","description":"Face exercise method, Pilates method","potentialAction":[{"@type":"SearchAction","target":{"@type":"EntryPoint","urlTemplate":"https:\/\/proage.hr\/?s={search_term_string}"},"query-input":{"@type":"PropertyValueSpecification","valueRequired":true,"valueName":"search_term_string"}}],"inLanguage":"hr"}]}},"_links":{"self":[{"href":"https:\/\/proage.hr\/hr\/wp-json\/wp\/v2\/pages\/34","targetHints":{"allow":["GET"]}}],"collection":[{"href":"https:\/\/proage.hr\/hr\/wp-json\/wp\/v2\/pages"}],"about":[{"href":"https:\/\/proage.hr\/hr\/wp-json\/wp\/v2\/types\/page"}],"author":[{"embeddable":true,"href":"https:\/\/proage.hr\/hr\/wp-json\/wp\/v2\/users\/1"}],"replies":[{"embeddable":true,"href":"https:\/\/proage.hr\/hr\/wp-json\/wp\/v2\/comments?post=34"}],"version-history":[{"count":56,"href":"https:\/\/proage.hr\/hr\/wp-json\/wp\/v2\/pages\/34\/revisions"}],"predecessor-version":[{"id":7302,"href":"https:\/\/proage.hr\/hr\/wp-json\/wp\/v2\/pages\/34\/revisions\/7302"}],"wp:attachment":[{"href":"https:\/\/proage.hr\/hr\/wp-json\/wp\/v2\/media?parent=34"}],"curies":[{"name":"wp","href":"https:\/\/api.w.org\/{rel}","templated":true}]}}