{"id":5,"date":"2022-12-13T16:26:33","date_gmt":"2022-12-13T16:26:33","guid":{"rendered":"https:\/\/proage.hr\/?page_id=5"},"modified":"2023-12-22T10:32:32","modified_gmt":"2023-12-22T09:32:32","slug":"homepage","status":"publish","type":"page","link":"https:\/\/proage.hr\/hr\/","title":{"rendered":"Naslovnica"},"content":{"rendered":"<div data-elementor-type=\"wp-page\" data-elementor-id=\"5\" class=\"elementor elementor-5\" data-elementor-post-type=\"page\">\n\t\t\t\t\t\t<section class=\"elementor-section elementor-top-section elementor-element elementor-element-e20a9d4 ct-section-stretched elementor-section-height-min-height elementor-section-items-top elementor-section-boxed elementor-section-height-default\" data-id=\"e20a9d4\" data-element_type=\"section\" data-settings=\"{&quot;background_background&quot;:&quot;classic&quot;,&quot;shape_divider_bottom&quot;:&quot;tilt&quot;}\">\n\t\t\t\t\t\t\t<div class=\"elementor-background-overlay\"><\/div>\n\t\t\t\t\t\t<div class=\"elementor-shape elementor-shape-bottom\" aria-hidden=\"true\" data-negative=\"false\">\n\t\t\t<svg xmlns=\"http:\/\/www.w3.org\/2000\/svg\" viewbox=\"0 0 1000 100\" preserveaspectratio=\"none\">\n\t<path class=\"elementor-shape-fill\" d=\"M0,6V0h1000v100L0,6z\"\/>\n<\/svg>\t\t<\/div>\n\t\t\t\t\t<div class=\"elementor-container elementor-column-gap-default\">\n\t\t\t\t\t<div class=\"elementor-column elementor-col-100 elementor-top-column elementor-element elementor-element-2883157\" data-id=\"2883157\" data-element_type=\"column\">\n\t\t\t<div class=\"elementor-widget-wrap elementor-element-populated\">\n\t\t\t\t\t\t<div class=\"elementor-element elementor-element-9c82ec6 elementor-hidden-tablet elementor-hidden-mobile elementor-widget elementor-widget-heading\" data-id=\"9c82ec6\" data-element_type=\"widget\" data-widget_type=\"heading.default\">\n\t\t\t\t<div class=\"elementor-widget-container\">\n\t\t\t\t\t<h1 class=\"elementor-heading-title elementor-size-default\">ProAge<\/h1>\t\t\t\t<\/div>\n\t\t\t\t<\/div>\n\t\t\t\t<div class=\"elementor-element elementor-element-8d79082 elementor-widget elementor-widget-heading\" data-id=\"8d79082\" data-element_type=\"widget\" data-widget_type=\"heading.default\">\n\t\t\t\t<div class=\"elementor-widget-container\">\n\t\t\t\t\t<h2 class=\"elementor-heading-title elementor-size-default\">by Jelena Ore\u0161kovi\u0107 Atabeyki<\/h2>\t\t\t\t<\/div>\n\t\t\t\t<\/div>\n\t\t\t\t<div class=\"elementor-element elementor-element-6391069 elementor-widget elementor-widget-ump-locker-shortcode\" data-id=\"6391069\" data-element_type=\"widget\" data-widget_type=\"ump-locker-shortcode.default\">\n\t\t\t\t<div class=\"elementor-widget-container\">\n\t\t\t\t\t<a class=\"elementor-button elementor-button-link elementor-size-md\" href=\"https:\/\/proage.hr\/hr\/video-trainings\/\">Register Now<\/a>\t\t\t\t<\/div>\n\t\t\t\t<\/div>\n\t\t\t\t<div class=\"elementor-element elementor-element-c9572dc elementor-widget elementor-widget-ump-locker-shortcode\" data-id=\"c9572dc\" data-element_type=\"widget\" data-widget_type=\"ump-locker-shortcode.default\">\n\t\t\t\t<div class=\"elementor-widget-container\">\n\t\t\t\t\t\t\t\t\t<\/div>\n\t\t\t\t<\/div>\n\t\t\t\t\t<\/div>\n\t\t<\/div>\n\t\t\t\t\t<\/div>\n\t\t<\/section>\n\t\t\t\t<\/div>","protected":false},"excerpt":{"rendered":"<p>ProAge by Jelena Ore\u0161kovi\u0107 Atabeyki<\/p>","protected":false},"author":1,"featured_media":0,"parent":0,"menu_order":0,"comment_status":"closed","ping_status":"closed","template":"elementor_header_footer","meta":{"footnotes":""},"class_list":["post-5","page","type-page","status-publish","hentry"],"blocksy_meta":{"styles_descriptor":{"styles":{"desktop":"[data-prefix=\"single_page\"] {background-color:#ffffff;background-image:linear-gradient(rgba(0, 0, 0, 0.2), rgba(0, 0, 0, 0.2)), none;} [data-prefix=\"single_page\"] [class*=\"ct-container\"] > article[class*=\"post\"] {--has-boxed:var(--false);--has-wide:var(--true);}","tablet":"","mobile":""},"google_fonts":[],"version":5},"page_title_panel":"","has_hero_section":"disabled","6a2fd78fa348b6396848d28b2d265b33":"","hero_section":"type-1","hero_elements":[{"id":"custom_title","enabled":true,"heading_tag":"h1","title":"Naslovnica"},{"id":"custom_description","enabled":true,"description_visibility":{"desktop":true,"tablet":true,"mobile":false}},{"id":"custom_meta","enabled":false,"meta_elements":[{"id":"author","enabled":true,"label":"By","has_author_avatar":"yes","avatar_size":25},{"id":"post_date","enabled":true,"label":"On","date_format_source":"default","date_format":"M j, Y"},{"id":"updated_date","enabled":false,"label":"On","date_format_source":"default","date_format":"M j, Y"},{"id":"categories","enabled":false,"label":"In","style":"simple"},{"id":"comments","enabled":true}],"page_meta_elements":{"joined":true,"articles_count":true,"comments":true}},{"id":"breadcrumbs","enabled":false}],"e0070e8f45be6d6b03495c4d66c2fd42":"","hero_alignment1":"CT_CSS_SKIP_RULE","hero_margin":40,"hero_alignment2":"center","hero_vertical_alignment":"center","6d1ac04dd18b35477ad6fe0a5f8fd88e":"","hero_structure":"narrow","ada4df13a78f35687d8c32856e81bcc1":"","page_title_bg_type":"featured_image","custom_hero_background":{"attachment_id":null},"page_title_image_size":"full","parallax":{"desktop":false,"tablet":false,"mobile":false},"d1794a1d451ae03b627694f10b1efbc7":"","hero_height":"250px","pageTitleFont":{"family":"Default","variation":"Default","size":"30px","line-height":"CT_CSS_SKIP_RULE","letter-spacing":"CT_CSS_SKIP_RULE","text-transform":"CT_CSS_SKIP_RULE","text-decoration":"CT_CSS_SKIP_RULE"},"pageTitleFontColor":{"default":{"color":"CT_CSS_SKIP_RULEDEFAULT"}},"pageMetaFont":{"family":"Default","variation":"n6","size":"12px","line-height":"1.3","letter-spacing":"CT_CSS_SKIP_RULE","text-transform":"uppercase","text-decoration":"CT_CSS_SKIP_RULE"},"pageMetaFontColor":{"default":{"color":"CT_CSS_SKIP_RULEDEFAULT"},"hover":{"color":"CT_CSS_SKIP_RULEDEFAULT"}},"page_meta_button_type_font_colors":{"default":{"color":"CT_CSS_SKIP_RULEDEFAULT"},"hover":{"color":"CT_CSS_SKIP_RULEDEFAULT"}},"page_meta_button_type_background_colors":{"default":{"color":"CT_CSS_SKIP_RULEDEFAULT"},"hover":{"color":"CT_CSS_SKIP_RULEDEFAULT"}},"pageExcerptFont":{"family":"Default","variation":"Default","size":"CT_CSS_SKIP_RULE","line-height":"CT_CSS_SKIP_RULE","letter-spacing":"CT_CSS_SKIP_RULE","text-transform":"CT_CSS_SKIP_RULE","text-decoration":"CT_CSS_SKIP_RULE"},"pageExcerptColor":{"default":{"color":"CT_CSS_SKIP_RULEDEFAULT"}},"breadcrumbsFont":{"family":"Default","variation":"Default","size":"CT_CSS_SKIP_RULE","line-height":"CT_CSS_SKIP_RULE","letter-spacing":"CT_CSS_SKIP_RULE","text-transform":"CT_CSS_SKIP_RULE","text-decoration":"CT_CSS_SKIP_RULE"},"breadcrumbsFontColor":{"default":{"color":"CT_CSS_SKIP_RULEDEFAULT"},"initial":{"color":"CT_CSS_SKIP_RULEDEFAULT"},"hover":{"color":"CT_CSS_SKIP_RULEDEFAULT"}},"pageTitleOverlay":{"background_type":"color","background_pattern":"type-1","background_image":{"attachment_id":null,"x":0,"y":0},"gradient":"linear-gradient(135deg,rgba(6,147,227,1) 0%,rgb(155,81,224) 100%)","background_repeat":"repeat","background_size":"auto","background_attachment":"scroll","patternColor":{"default":{"color":"#e5e7ea"}},"overlayColor":{"default":{"color":"CT_CSS_SKIP_RULE"}},"backgroundColor":{"default":{"color":"CT_CSS_SKIP_RULE"}}},"pageTitleBackground":{"background_type":"color","background_pattern":"type-1","background_image":{"attachment_id":null,"x":0,"y":0},"gradient":"linear-gradient(135deg,rgba(6,147,227,1) 0%,rgb(155,81,224) 100%)","background_repeat":"repeat","background_size":"auto","background_attachment":"scroll","patternColor":{"default":{"color":"#e5e7ea"}},"overlayColor":{"default":{"color":"CT_CSS_SKIP_RULE"}},"backgroundColor":{"default":{"color":"var(--paletteColor6)"}}},"pageTitlePadding":{"top":"50px","bottom":"50px","left":"auto","right":"auto","linked":true},"d3c58428c86d5cb66c1823eda496b43b":"","page_structure_type":"default","c7aa1972aebc7b9c34ff199d18b1056e":"","content_style_source":"custom","content_style":{"desktop":"wide","tablet":"wide","mobile":"wide","__changed":[]},"vertical_spacing_source":"inherit","content_area_spacing":"both","background":{"desktop":{"background_type":"image","background_pattern":"type-1","background_image":{"attachment_id":null,"x":0,"y":0,"url":null},"gradient":"linear-gradient(135deg,rgba(6,147,227,1) 0%,rgb(155,81,224) 100%)","background_repeat":"no-repeat","background_size":"cover","background_attachment":"scroll","patternColor":{"default":{"color":"#e5e7ea"}},"overlayColor":{"default":{"color":"rgba(0, 0, 0, 0.2)"}},"backgroundColor":{"default":{"color":"#ffffff"}}},"tablet":{"background_type":"image","background_pattern":"type-1","background_image":{"attachment_id":null,"x":0,"y":0,"url":null},"gradient":"linear-gradient(135deg,rgba(6,147,227,1) 0%,rgb(155,81,224) 100%)","background_repeat":"no-repeat","background_size":"cover","background_attachment":"scroll","patternColor":{"default":{"color":"#e5e7ea"}},"overlayColor":{"default":{"color":"rgba(0, 0, 0, 0.2)"}},"backgroundColor":{"default":{"color":"#ffffff"}}},"mobile":{"background_type":"image","background_pattern":"type-1","background_image":{"attachment_id":null,"x":0,"y":0,"url":null},"gradient":"linear-gradient(135deg,rgba(6,147,227,1) 0%,rgb(155,81,224) 100%)","background_repeat":"no-repeat","background_size":"cover","background_attachment":"scroll","patternColor":{"default":{"color":"#e5e7ea"}},"overlayColor":{"default":{"color":"rgba(0, 0, 0, 0.2)"}},"backgroundColor":{"default":{"color":"#ffffff"}}},"__changed":[]},"content_background":{"background_type":"color","background_pattern":"type-1","background_image":{"attachment_id":null,"x":0,"y":0},"gradient":"linear-gradient(135deg,rgba(6,147,227,1) 0%,rgb(155,81,224) 100%)","background_repeat":"repeat","background_size":"auto","background_attachment":"scroll","patternColor":{"default":{"color":"#e5e7ea"}},"overlayColor":{"default":{"color":"CT_CSS_SKIP_RULE"}},"backgroundColor":{"default":{"color":"var(--paletteColor8)"}}},"content_boxed_shadow":{"inherit":false,"blur":18,"spread":-6,"v_offset":12,"h_offset":0,"inset":false,"enable":true,"color":{"color":"rgba(34, 56, 101, 0.04)"}},"content_boxed_border":{"width":1,"style":"none","color":{"color":"rgba(44,62,80,0.2)"}},"content_boxed_radius":{"top":"3px","bottom":"3px","left":"3px","right":"3px","linked":true},"boxed_content_spacing":{"desktop":{"top":"40px","bottom":"40px","left":"40px","right":"40px","linked":true},"tablet":{"top":"35px","bottom":"35px","left":"35px","right":"35px","linked":true},"mobile":{"top":"20px","bottom":"20px","left":"20px","right":"20px","linked":true}},"7db250fd83b4a07bb529d766a3bd5c44":"","disable_featured_image":"no","disable_share_box":"no","disable_header":"no","disable_footer":"no","057aaaa008aedcccefb3995dcf5844a9":"","header_footer_scripts_panel":"","header_scripts":"","54f6e76872a590f066b73102af632149":"","header_after_body_scripts":"","49b35d54a3f88ef42750db4b3faaec46":"","footer_scripts":""},"yoast_head":"<!-- This site is optimized with the Yoast SEO plugin v26.5 - https:\/\/yoast.com\/wordpress\/plugins\/seo\/ -->\n<title>Homepage - ProAge<\/title>\n<meta name=\"description\" content=\"Vje\u017ebe za lice prirodan su na\u010din njege lica koji mo\u017eete prakticirati od ku\u0107e. Pretplatom na jedan ili vi\u0161e videa u\u010dinit \u0107ete prvi korak k fit licu.\" \/>\n<meta name=\"robots\" content=\"index, follow, max-snippet:-1, max-image-preview:large, max-video-preview:-1\" \/>\n<link rel=\"canonical\" href=\"https:\/\/proage.hr\/hr\/\" \/>\n<meta property=\"og:locale\" content=\"hr_HR\" \/>\n<meta property=\"og:type\" content=\"article\" \/>\n<meta property=\"og:title\" content=\"Homepage - ProAge\" \/>\n<meta property=\"og:description\" content=\"Vje\u017ebe za lice prirodan su na\u010din njege lica koji mo\u017eete prakticirati od ku\u0107e. Pretplatom na jedan ili vi\u0161e videa u\u010dinit \u0107ete prvi korak k fit licu.\" \/>\n<meta property=\"og:url\" content=\"https:\/\/proage.hr\/hr\/\" \/>\n<meta property=\"og:site_name\" content=\"ProAge\" \/>\n<meta property=\"article:publisher\" content=\"https:\/\/www.facebook.com\/yelenaatabeyki\" \/>\n<meta property=\"article:modified_time\" content=\"2023-12-22T09:32:32+00:00\" \/>\n<meta name=\"twitter:card\" content=\"summary_large_image\" \/>\n<meta name=\"twitter:label1\" content=\"Procijenjeno vrijeme \u010ditanja\" \/>\n\t<meta name=\"twitter:data1\" content=\"1 minuta\" \/>\n<script type=\"application\/ld+json\" class=\"yoast-schema-graph\">{\"@context\":\"https:\/\/schema.org\",\"@graph\":[{\"@type\":\"WebPage\",\"@id\":\"https:\/\/proage.hr\/\",\"url\":\"https:\/\/proage.hr\/\",\"name\":\"Homepage - ProAge\",\"isPartOf\":{\"@id\":\"https:\/\/proage.hr\/#website\"},\"datePublished\":\"2022-12-13T16:26:33+00:00\",\"dateModified\":\"2023-12-22T09:32:32+00:00\",\"description\":\"Vje\u017ebe za lice prirodan su na\u010din njege lica koji mo\u017eete prakticirati od ku\u0107e. Pretplatom na jedan ili vi\u0161e videa u\u010dinit \u0107ete prvi korak k fit licu.\",\"breadcrumb\":{\"@id\":\"https:\/\/proage.hr\/#breadcrumb\"},\"inLanguage\":\"hr\",\"potentialAction\":[{\"@type\":\"ReadAction\",\"target\":[\"https:\/\/proage.hr\/\"]}]},{\"@type\":\"BreadcrumbList\",\"@id\":\"https:\/\/proage.hr\/#breadcrumb\",\"itemListElement\":[{\"@type\":\"ListItem\",\"position\":1,\"name\":\"Home\",\"item\":\"https:\/\/proage.hr\/\"},{\"@type\":\"ListItem\",\"position\":2,\"name\":\"Homepage\"}]},{\"@type\":\"WebSite\",\"@id\":\"https:\/\/proage.hr\/#website\",\"url\":\"https:\/\/proage.hr\/\",\"name\":\"ProAge\",\"description\":\"Face exercise method, Pilates method\",\"potentialAction\":[{\"@type\":\"SearchAction\",\"target\":{\"@type\":\"EntryPoint\",\"urlTemplate\":\"https:\/\/proage.hr\/?s={search_term_string}\"},\"query-input\":{\"@type\":\"PropertyValueSpecification\",\"valueRequired\":true,\"valueName\":\"search_term_string\"}}],\"inLanguage\":\"hr\"}]}<\/script>\n<!-- \/ Yoast SEO plugin. -->","yoast_head_json":{"title":"Homepage - ProAge","description":"Vje\u017ebe za lice prirodan su na\u010din njege lica koji mo\u017eete prakticirati od ku\u0107e. Pretplatom na jedan ili vi\u0161e videa u\u010dinit \u0107ete prvi korak k fit licu.","robots":{"index":"index","follow":"follow","max-snippet":"max-snippet:-1","max-image-preview":"max-image-preview:large","max-video-preview":"max-video-preview:-1"},"canonical":"https:\/\/proage.hr\/hr\/","og_locale":"hr_HR","og_type":"article","og_title":"Homepage - ProAge","og_description":"Vje\u017ebe za lice prirodan su na\u010din njege lica koji mo\u017eete prakticirati od ku\u0107e. Pretplatom na jedan ili vi\u0161e videa u\u010dinit \u0107ete prvi korak k fit licu.","og_url":"https:\/\/proage.hr\/hr\/","og_site_name":"ProAge","article_publisher":"https:\/\/www.facebook.com\/yelenaatabeyki","article_modified_time":"2023-12-22T09:32:32+00:00","twitter_card":"summary_large_image","twitter_misc":{"Procijenjeno vrijeme \u010ditanja":"1 minuta"},"schema":{"@context":"https:\/\/schema.org","@graph":[{"@type":"WebPage","@id":"https:\/\/proage.hr\/","url":"https:\/\/proage.hr\/","name":"Homepage - ProAge","isPartOf":{"@id":"https:\/\/proage.hr\/#website"},"datePublished":"2022-12-13T16:26:33+00:00","dateModified":"2023-12-22T09:32:32+00:00","description":"Vje\u017ebe za lice prirodan su na\u010din njege lica koji mo\u017eete prakticirati od ku\u0107e. Pretplatom na jedan ili vi\u0161e videa u\u010dinit \u0107ete prvi korak k fit licu.","breadcrumb":{"@id":"https:\/\/proage.hr\/#breadcrumb"},"inLanguage":"hr","potentialAction":[{"@type":"ReadAction","target":["https:\/\/proage.hr\/"]}]},{"@type":"BreadcrumbList","@id":"https:\/\/proage.hr\/#breadcrumb","itemListElement":[{"@type":"ListItem","position":1,"name":"Home","item":"https:\/\/proage.hr\/"},{"@type":"ListItem","position":2,"name":"Homepage"}]},{"@type":"WebSite","@id":"https:\/\/proage.hr\/#website","url":"https:\/\/proage.hr\/","name":"ProAge","description":"Face exercise method, Pilates method","potentialAction":[{"@type":"SearchAction","target":{"@type":"EntryPoint","urlTemplate":"https:\/\/proage.hr\/?s={search_term_string}"},"query-input":{"@type":"PropertyValueSpecification","valueRequired":true,"valueName":"search_term_string"}}],"inLanguage":"hr"}]}},"_links":{"self":[{"href":"https:\/\/proage.hr\/hr\/wp-json\/wp\/v2\/pages\/5","targetHints":{"allow":["GET"]}}],"collection":[{"href":"https:\/\/proage.hr\/hr\/wp-json\/wp\/v2\/pages"}],"about":[{"href":"https:\/\/proage.hr\/hr\/wp-json\/wp\/v2\/types\/page"}],"author":[{"embeddable":true,"href":"https:\/\/proage.hr\/hr\/wp-json\/wp\/v2\/users\/1"}],"replies":[{"embeddable":true,"href":"https:\/\/proage.hr\/hr\/wp-json\/wp\/v2\/comments?post=5"}],"version-history":[{"count":1551,"href":"https:\/\/proage.hr\/hr\/wp-json\/wp\/v2\/pages\/5\/revisions"}],"predecessor-version":[{"id":7887,"href":"https:\/\/proage.hr\/hr\/wp-json\/wp\/v2\/pages\/5\/revisions\/7887"}],"wp:attachment":[{"href":"https:\/\/proage.hr\/hr\/wp-json\/wp\/v2\/media?parent=5"}],"curies":[{"name":"wp","href":"https:\/\/api.w.org\/{rel}","templated":true}]}}