{"id":7449,"date":"2023-08-05T18:34:55","date_gmt":"2023-08-05T16:34:55","guid":{"rendered":"https:\/\/proage.hr\/?page_id=7449"},"modified":"2023-08-05T19:27:31","modified_gmt":"2023-08-05T17:27:31","slug":"video-trainings","status":"publish","type":"page","link":"https:\/\/proage.hr\/hr\/video-trainings\/","title":{"rendered":"Video treninzi"},"content":{"rendered":"<div data-elementor-type=\"wp-page\" data-elementor-id=\"7449\" class=\"elementor elementor-7449\" data-elementor-post-type=\"page\">\n\t\t\t\t\t\t<section class=\"elementor-section elementor-top-section elementor-element elementor-element-42135d28 elementor-section-boxed elementor-section-height-default elementor-section-height-default\" data-id=\"42135d28\" data-element_type=\"section\" data-settings=\"{&quot;shape_divider_bottom&quot;:&quot;tilt&quot;}\">\n\t\t\t\t\t<div class=\"elementor-shape elementor-shape-bottom\" aria-hidden=\"true\" data-negative=\"false\">\n\t\t\t<svg xmlns=\"http:\/\/www.w3.org\/2000\/svg\" viewbox=\"0 0 1000 100\" preserveaspectratio=\"none\">\n\t<path class=\"elementor-shape-fill\" d=\"M0,6V0h1000v100L0,6z\"\/>\n<\/svg>\t\t<\/div>\n\t\t\t\t\t<div class=\"elementor-container elementor-column-gap-default\">\n\t\t\t\t\t<div class=\"elementor-column elementor-col-100 elementor-top-column elementor-element elementor-element-51b0fc0d\" data-id=\"51b0fc0d\" data-element_type=\"column\">\n\t\t\t<div class=\"elementor-widget-wrap elementor-element-populated\">\n\t\t\t\t\t\t<div class=\"elementor-element elementor-element-12d071ce elementor-widget elementor-widget-spacer\" data-id=\"12d071ce\" data-element_type=\"widget\" data-widget_type=\"spacer.default\">\n\t\t\t\t<div class=\"elementor-widget-container\">\n\t\t\t\t\t\t\t<div class=\"elementor-spacer\">\n\t\t\t<div class=\"elementor-spacer-inner\"><\/div>\n\t\t<\/div>\n\t\t\t\t\t\t<\/div>\n\t\t\t\t<\/div>\n\t\t\t\t\t<\/div>\n\t\t<\/div>\n\t\t\t\t\t<\/div>\n\t\t<\/section>\n\t\t\t\t<section class=\"elementor-section elementor-top-section elementor-element elementor-element-561a7e8a elementor-section-boxed elementor-section-height-default elementor-section-height-default\" data-id=\"561a7e8a\" data-element_type=\"section\" data-settings=\"{&quot;background_background&quot;:&quot;classic&quot;}\">\n\t\t\t\t\t\t<div class=\"elementor-container elementor-column-gap-default\">\n\t\t\t\t\t<div class=\"elementor-column elementor-col-100 elementor-top-column elementor-element elementor-element-15647220\" data-id=\"15647220\" data-element_type=\"column\">\n\t\t\t<div class=\"elementor-widget-wrap elementor-element-populated\">\n\t\t\t\t\t\t<div class=\"elementor-element elementor-element-49f963f0 elementor-widget elementor-widget-heading\" data-id=\"49f963f0\" data-element_type=\"widget\" data-widget_type=\"heading.default\">\n\t\t\t\t<div class=\"elementor-widget-container\">\n\t\t\t\t\t<h1 class=\"elementor-heading-title elementor-size-default\">Video treninzi<\/h1>\t\t\t\t<\/div>\n\t\t\t\t<\/div>\n\t\t\t\t<div class=\"elementor-element elementor-element-38b79b46 elementor-widget-divider--view-line elementor-widget elementor-widget-divider\" data-id=\"38b79b46\" data-element_type=\"widget\" data-widget_type=\"divider.default\">\n\t\t\t\t<div class=\"elementor-widget-container\">\n\t\t\t\t\t\t\t<div class=\"elementor-divider\">\n\t\t\t<span class=\"elementor-divider-separator\">\n\t\t\t\t\t\t<\/span>\n\t\t<\/div>\n\t\t\t\t\t\t<\/div>\n\t\t\t\t<\/div>\n\t\t\t\t<div class=\"elementor-element elementor-element-5d3dc16 elementor-widget elementor-widget-text-editor\" data-id=\"5d3dc16\" data-element_type=\"widget\" data-widget_type=\"text-editor.default\">\n\t\t\t\t<div class=\"elementor-widget-container\">\n\t\t\t\t\t\t\t\t\t<p style=\"text-align: center;\">Vje\u017ebe za lice prirodan su na\u010din njege lica koji mo\u017eete prakticirati kod ku\u0107e. Vje\u017ebama \u0107e se sprije\u010diti pojava bora na licu ili smanjiti postoje\u0107e, o\u010duvati oblik lica podizanjem tkiva zbog kojih lice opada.<\/p><p style=\"text-align: center;\">Smanjite bore, zategnite ko\u017eu i podignite lice uz jednostavne vje\u017ebe koje sam pripremila za vas! Pretplatom na jedan ili vi\u0161e videa u\u010dinit \u0107ete prvi korak prema fit licu. A fit lice je sretno lice!<\/p><p style=\"text-align: center;\">Pilates je metoda vje\u017ebanja koja se usredoto\u010duje na ja\u010danje i toniranje mi\u0161i\u0107a jezgre dok pobolj\u0161ava fleksibilnost i dr\u017eanje tijela. Kroz niz kontroliranih pokreta, pilates uklju\u010duje i tijelo i um, promi\u010du\u0107i uravnote\u017eenu i skladnu vezu izme\u0111u njih dvoje.<\/p>\t\t\t\t\t\t\t\t<\/div>\n\t\t\t\t<\/div>\n\t\t\t\t<div class=\"elementor-element elementor-element-b6e5fe6 elementor-widget__width-inherit elementor-widget elementor-widget-video\" data-id=\"b6e5fe6\" data-element_type=\"widget\" data-settings=\"{&quot;video_type&quot;:&quot;hosted&quot;,&quot;autoplay&quot;:&quot;yes&quot;,&quot;show_image_overlay&quot;:&quot;yes&quot;,&quot;image_overlay&quot;:{&quot;url&quot;:&quot;https:\\\/\\\/proage.hr\\\/wp-content\\\/uploads\\\/2023\\\/03\\\/Jelena_01.jpg&quot;,&quot;id&quot;:5901,&quot;size&quot;:&quot;&quot;,&quot;alt&quot;:&quot;Jelena Atabeyki&quot;,&quot;source&quot;:&quot;library&quot;},&quot;controls&quot;:&quot;yes&quot;}\" data-widget_type=\"video.default\">\n\t\t\t\t<div class=\"elementor-widget-container\">\n\t\t\t\t\t\t\t<div class=\"e-hosted-video elementor-wrapper elementor-open-inline\">\n\t\t\t\t\t<video class=\"elementor-video\" src=\"https:\/\/proage.hr\/wp-content\/uploads\/2023\/08\/promo.mov\" autoplay=\"\" controls=\"\" controlslist=\"nodownload\"><\/video>\n\t\t\t\t\t\t<div class=\"elementor-custom-embed-image-overlay\" style=\"background-image: url(https:\/\/proage.hr\/wp-content\/uploads\/2023\/03\/Jelena_01.jpg);\">\n\t\t\t\t\t\t\t\t\t\t\t\t\t\t\t\t<div class=\"elementor-custom-embed-play\" role=\"button\" aria-label=\"Pokreni video Jelena Atabeyki\" tabindex=\"0\" data-no-translation-aria-label=\"\">\n\t\t\t\t\t\t\t<i aria-hidden=\"true\" class=\"eicon-play\"><\/i>\t\t\t\t\t\t<\/div>\n\t\t\t\t\t\t\t\t\t<\/div>\n\t\t\t\t\t<\/div>\n\t\t\t\t\t\t<\/div>\n\t\t\t\t<\/div>\n\t\t\t\t<div class=\"elementor-element elementor-element-b32f22e elementor-widget elementor-widget-text-editor\" data-id=\"b32f22e\" data-element_type=\"widget\" data-widget_type=\"text-editor.default\">\n\t\t\t\t<div class=\"elementor-widget-container\">\n\t\t\t\t\t\t\t\t\t<p style=\"text-align: center;\">Sadr\u017eaj videa isklju\u010divo je informativnog karaktera. Nije medicinski savjet niti se smije tako koristiti. U slu\u010daju bilo kakvih medicinskih stanja , ranije u\u010dinjenih estetskih zahvata i sli\u010dnog , molimo da se prije vje\u017ebanja savjetujete s lije\u010dnikom.<\/p><p class=\"MsoNormal\" style=\"text-align: center;\">U slu\u010daju da osjetite bilo kakvu nelagodu prilikom izvo\u0111enja vje\u017ebi , vje\u017ebe nemojte izvoditi.<\/p>\t\t\t\t\t\t\t\t<\/div>\n\t\t\t\t<\/div>\n\t\t\t\t\t<\/div>\n\t\t<\/div>\n\t\t\t\t\t<\/div>\n\t\t<\/section>\n\t\t\t\t<section class=\"elementor-section elementor-top-section elementor-element elementor-element-579baaa elementor-section-boxed elementor-section-height-default elementor-section-height-default\" data-id=\"579baaa\" data-element_type=\"section\" data-settings=\"{&quot;background_background&quot;:&quot;classic&quot;}\">\n\t\t\t\t\t\t<div class=\"elementor-container elementor-column-gap-default\">\n\t\t\t\t\t<div class=\"elementor-column elementor-col-100 elementor-top-column elementor-element elementor-element-f30f2e2\" data-id=\"f30f2e2\" data-element_type=\"column\">\n\t\t\t<div class=\"elementor-widget-wrap elementor-element-populated\">\n\t\t\t\t\t\t<div class=\"elementor-element elementor-element-8f52002 elementor-widget elementor-widget-heading\" data-id=\"8f52002\" data-element_type=\"widget\" data-widget_type=\"heading.default\">\n\t\t\t\t<div class=\"elementor-widget-container\">\n\t\t\t\t\t<h3 class=\"elementor-heading-title elementor-size-default\">Pretplatite se i gledajte neograni\u010deno<\/h3>\t\t\t\t<\/div>\n\t\t\t\t<\/div>\n\t\t\t\t<div class=\"elementor-element elementor-element-0f94a39 elementor-widget__width-inherit elementor-widget elementor-widget-shortcode\" data-id=\"0f94a39\" data-element_type=\"widget\" data-widget_type=\"shortcode.default\">\n\t\t\t\t<div class=\"elementor-widget-container\">\n\t\t\t\t\t\t\t<div class=\"elementor-shortcode\"><div class=\"ich_level_wrap ihc_level_template_9\"><div class=\"ihc-level-item\"><div class=\"ihc-level-item-wrap\"><div class=\"ihc-level-item-top\"><div class=\"ihc-level-item-title\">Mjese\u010dna pretplata<\/div><\/div><div class=\"ihc-level-item-price\">30 \u20ac<\/div><div class=\"ihc-level-item-content\">Mjese\u010dna pretplata vam omogu\u0107uje sve video treninge za gledanje neograni\u010den broj puta u vremenu trajanja pretplate.<\/div><div class=\"ihc-level-item-bottom\"><div onclick=\"ihcBuyNewLevel('https:\/\/proage.hr\/hr\/register\/?lid=5');\" class=\"ihc-level-item-link  ihc-cursor-pointer\">Sign Up<\/div><div class=\"iump-clear\"><\/div><\/div><\/div><\/div><\/div><\/div>\n\t\t\t\t\t\t<\/div>\n\t\t\t\t<\/div>\n\t\t\t\t<div class=\"elementor-element elementor-element-754ab39 elementor-widget elementor-widget-heading\" data-id=\"754ab39\" data-element_type=\"widget\" data-widget_type=\"heading.default\">\n\t\t\t\t<div class=\"elementor-widget-container\">\n\t\t\t\t\t<h3 class=\"elementor-heading-title elementor-size-default\">Ili se prijavite ukoliko imate ra\u010dun<br><\/h3>\t\t\t\t<\/div>\n\t\t\t\t<\/div>\n\t\t\t\t<div class=\"elementor-element elementor-element-82b6fe0 elementor-align-center elementor-widget elementor-widget-button\" data-id=\"82b6fe0\" data-element_type=\"widget\" data-widget_type=\"button.default\">\n\t\t\t\t<div class=\"elementor-widget-container\">\n\t\t\t\t\t\t\t\t\t<div class=\"elementor-button-wrapper\">\n\t\t\t\t\t<a class=\"elementor-button elementor-button-link elementor-size-lg\" href=\"\/hr\/member-login\/\">\n\t\t\t\t\t\t<span class=\"elementor-button-content-wrapper\">\n\t\t\t\t\t\t\t\t\t<span class=\"elementor-button-text\">Login \u010dlanova<\/span>\n\t\t\t\t\t<\/span>\n\t\t\t\t\t<\/a>\n\t\t\t\t<\/div>\n\t\t\t\t\t\t\t\t<\/div>\n\t\t\t\t<\/div>\n\t\t\t\t\t<\/div>\n\t\t<\/div>\n\t\t\t\t\t<\/div>\n\t\t<\/section>\n\t\t\t\t<\/div>","protected":false},"excerpt":{"rendered":"<p>Video trainings Facial exercises are a natural way of facial care that you can practice at home. The exercises shall prevent the appearance of wrinkles on the face or reduce the existing ones, preserve the shape of the face by lifting the tissues causing the face to sag. Reduce wrinkles, tighten the skin and lift your face with simple exercises I have prepared for you! By subscribing to one or more videos, you will take the first step towards a fit face. And a fit face is a happy face! Pilates is a low-impact exercise method that focuses on strengthening\u2026<\/p>","protected":false},"author":1,"featured_media":0,"parent":0,"menu_order":0,"comment_status":"closed","ping_status":"closed","template":"elementor_header_footer","meta":{"footnotes":""},"class_list":["post-7449","page","type-page","status-publish","hentry"],"blocksy_meta":"","yoast_head":"<!-- This site is optimized with the Yoast SEO plugin v26.5 - https:\/\/yoast.com\/wordpress\/plugins\/seo\/ -->\n<title>Video trainings - ProAge<\/title>\n<meta name=\"robots\" content=\"index, follow, max-snippet:-1, max-image-preview:large, max-video-preview:-1\" \/>\n<link rel=\"canonical\" href=\"https:\/\/proage.hr\/hr\/video-trainings\/\" \/>\n<meta property=\"og:locale\" content=\"hr_HR\" \/>\n<meta property=\"og:type\" content=\"article\" \/>\n<meta property=\"og:title\" content=\"Video trainings - ProAge\" \/>\n<meta property=\"og:description\" content=\"Video trainings Facial exercises are a natural way of facial care that you can practice at home. The exercises shall prevent the appearance of wrinkles on the face or reduce the existing ones, preserve the shape of the face by lifting the tissues causing the face to sag. Reduce wrinkles, tighten the skin and lift your face with simple exercises I have prepared for you! By subscribing to one or more videos, you will take the first step towards a fit face. And a fit face is a happy face! Pilates is a low-impact exercise method that focuses on strengthening\u2026\" \/>\n<meta property=\"og:url\" content=\"https:\/\/proage.hr\/hr\/video-trainings\/\" \/>\n<meta property=\"og:site_name\" content=\"ProAge\" \/>\n<meta property=\"article:publisher\" content=\"https:\/\/www.facebook.com\/yelenaatabeyki\" \/>\n<meta property=\"article:modified_time\" content=\"2023-08-05T17:27:31+00:00\" \/>\n<meta name=\"twitter:card\" content=\"summary_large_image\" \/>\n<meta name=\"twitter:label1\" content=\"Procijenjeno vrijeme \u010ditanja\" \/>\n\t<meta name=\"twitter:data1\" content=\"2 minute\" \/>\n<script type=\"application\/ld+json\" class=\"yoast-schema-graph\">{\"@context\":\"https:\/\/schema.org\",\"@graph\":[{\"@type\":\"WebPage\",\"@id\":\"https:\/\/proage.hr\/video-trainings\/\",\"url\":\"https:\/\/proage.hr\/video-trainings\/\",\"name\":\"Video trainings - ProAge\",\"isPartOf\":{\"@id\":\"https:\/\/proage.hr\/#website\"},\"datePublished\":\"2023-08-05T16:34:55+00:00\",\"dateModified\":\"2023-08-05T17:27:31+00:00\",\"breadcrumb\":{\"@id\":\"https:\/\/proage.hr\/video-trainings\/#breadcrumb\"},\"inLanguage\":\"hr\",\"potentialAction\":[{\"@type\":\"ReadAction\",\"target\":[\"https:\/\/proage.hr\/video-trainings\/\"]}]},{\"@type\":\"BreadcrumbList\",\"@id\":\"https:\/\/proage.hr\/video-trainings\/#breadcrumb\",\"itemListElement\":[{\"@type\":\"ListItem\",\"position\":1,\"name\":\"Home\",\"item\":\"https:\/\/proage.hr\/\"},{\"@type\":\"ListItem\",\"position\":2,\"name\":\"Video trainings\"}]},{\"@type\":\"WebSite\",\"@id\":\"https:\/\/proage.hr\/#website\",\"url\":\"https:\/\/proage.hr\/\",\"name\":\"ProAge\",\"description\":\"Face exercise method, Pilates method\",\"potentialAction\":[{\"@type\":\"SearchAction\",\"target\":{\"@type\":\"EntryPoint\",\"urlTemplate\":\"https:\/\/proage.hr\/?s={search_term_string}\"},\"query-input\":{\"@type\":\"PropertyValueSpecification\",\"valueRequired\":true,\"valueName\":\"search_term_string\"}}],\"inLanguage\":\"hr\"}]}<\/script>\n<!-- \/ Yoast SEO plugin. -->","yoast_head_json":{"title":"Video trainings - ProAge","robots":{"index":"index","follow":"follow","max-snippet":"max-snippet:-1","max-image-preview":"max-image-preview:large","max-video-preview":"max-video-preview:-1"},"canonical":"https:\/\/proage.hr\/hr\/video-trainings\/","og_locale":"hr_HR","og_type":"article","og_title":"Video trainings - ProAge","og_description":"Video trainings Facial exercises are a natural way of facial care that you can practice at home. The exercises shall prevent the appearance of wrinkles on the face or reduce the existing ones, preserve the shape of the face by lifting the tissues causing the face to sag. Reduce wrinkles, tighten the skin and lift your face with simple exercises I have prepared for you! By subscribing to one or more videos, you will take the first step towards a fit face. And a fit face is a happy face! Pilates is a low-impact exercise method that focuses on strengthening\u2026","og_url":"https:\/\/proage.hr\/hr\/video-trainings\/","og_site_name":"ProAge","article_publisher":"https:\/\/www.facebook.com\/yelenaatabeyki","article_modified_time":"2023-08-05T17:27:31+00:00","twitter_card":"summary_large_image","twitter_misc":{"Procijenjeno vrijeme \u010ditanja":"2 minute"},"schema":{"@context":"https:\/\/schema.org","@graph":[{"@type":"WebPage","@id":"https:\/\/proage.hr\/video-trainings\/","url":"https:\/\/proage.hr\/video-trainings\/","name":"Video trainings - ProAge","isPartOf":{"@id":"https:\/\/proage.hr\/#website"},"datePublished":"2023-08-05T16:34:55+00:00","dateModified":"2023-08-05T17:27:31+00:00","breadcrumb":{"@id":"https:\/\/proage.hr\/video-trainings\/#breadcrumb"},"inLanguage":"hr","potentialAction":[{"@type":"ReadAction","target":["https:\/\/proage.hr\/video-trainings\/"]}]},{"@type":"BreadcrumbList","@id":"https:\/\/proage.hr\/video-trainings\/#breadcrumb","itemListElement":[{"@type":"ListItem","position":1,"name":"Home","item":"https:\/\/proage.hr\/"},{"@type":"ListItem","position":2,"name":"Video trainings"}]},{"@type":"WebSite","@id":"https:\/\/proage.hr\/#website","url":"https:\/\/proage.hr\/","name":"ProAge","description":"Face exercise method, Pilates method","potentialAction":[{"@type":"SearchAction","target":{"@type":"EntryPoint","urlTemplate":"https:\/\/proage.hr\/?s={search_term_string}"},"query-input":{"@type":"PropertyValueSpecification","valueRequired":true,"valueName":"search_term_string"}}],"inLanguage":"hr"}]}},"_links":{"self":[{"href":"https:\/\/proage.hr\/hr\/wp-json\/wp\/v2\/pages\/7449","targetHints":{"allow":["GET"]}}],"collection":[{"href":"https:\/\/proage.hr\/hr\/wp-json\/wp\/v2\/pages"}],"about":[{"href":"https:\/\/proage.hr\/hr\/wp-json\/wp\/v2\/types\/page"}],"author":[{"embeddable":true,"href":"https:\/\/proage.hr\/hr\/wp-json\/wp\/v2\/users\/1"}],"replies":[{"embeddable":true,"href":"https:\/\/proage.hr\/hr\/wp-json\/wp\/v2\/comments?post=7449"}],"version-history":[{"count":7,"href":"https:\/\/proage.hr\/hr\/wp-json\/wp\/v2\/pages\/7449\/revisions"}],"predecessor-version":[{"id":7486,"href":"https:\/\/proage.hr\/hr\/wp-json\/wp\/v2\/pages\/7449\/revisions\/7486"}],"wp:attachment":[{"href":"https:\/\/proage.hr\/hr\/wp-json\/wp\/v2\/media?parent=7449"}],"curies":[{"name":"wp","href":"https:\/\/api.w.org\/{rel}","templated":true}]}}