{"id":7737,"date":"2023-09-25T10:45:47","date_gmt":"2023-09-25T08:45:47","guid":{"rendered":"https:\/\/proage.hr\/?page_id=7737"},"modified":"2023-09-26T13:35:18","modified_gmt":"2023-09-26T11:35:18","slug":"middle-face-lifting-redirect","status":"publish","type":"page","link":"https:\/\/proage.hr\/hr\/middle-face-lifting-redirect\/","title":{"rendered":"Middle Face Lifting Redirect"},"content":{"rendered":"<div data-elementor-type=\"wp-page\" data-elementor-id=\"7737\" class=\"elementor elementor-7737\" data-elementor-post-type=\"page\">\n\t\t\t\t\t\t<section class=\"elementor-section elementor-top-section elementor-element elementor-element-27bff85f elementor-section-boxed elementor-section-height-default elementor-section-height-default\" data-id=\"27bff85f\" data-element_type=\"section\" data-settings=\"{&quot;shape_divider_bottom&quot;:&quot;tilt&quot;}\">\n\t\t\t\t\t<div class=\"elementor-shape elementor-shape-bottom\" aria-hidden=\"true\" data-negative=\"false\">\n\t\t\t<svg xmlns=\"http:\/\/www.w3.org\/2000\/svg\" viewbox=\"0 0 1000 100\" preserveaspectratio=\"none\">\n\t<path class=\"elementor-shape-fill\" d=\"M0,6V0h1000v100L0,6z\"\/>\n<\/svg>\t\t<\/div>\n\t\t\t\t\t<div class=\"elementor-container elementor-column-gap-default\">\n\t\t\t\t\t<div class=\"elementor-column elementor-col-100 elementor-top-column elementor-element elementor-element-2d523753\" data-id=\"2d523753\" data-element_type=\"column\">\n\t\t\t<div class=\"elementor-widget-wrap elementor-element-populated\">\n\t\t\t\t\t\t<div class=\"elementor-element elementor-element-6d85440e elementor-widget elementor-widget-spacer\" data-id=\"6d85440e\" data-element_type=\"widget\" data-widget_type=\"spacer.default\">\n\t\t\t\t<div class=\"elementor-widget-container\">\n\t\t\t\t\t\t\t<div class=\"elementor-spacer\">\n\t\t\t<div class=\"elementor-spacer-inner\"><\/div>\n\t\t<\/div>\n\t\t\t\t\t\t<\/div>\n\t\t\t\t<\/div>\n\t\t\t\t\t<\/div>\n\t\t<\/div>\n\t\t\t\t\t<\/div>\n\t\t<\/section>\n\t\t\t\t<section class=\"elementor-section elementor-top-section elementor-element elementor-element-76120c21 elementor-section-boxed elementor-section-height-default elementor-section-height-default\" data-id=\"76120c21\" data-element_type=\"section\" data-settings=\"{&quot;background_background&quot;:&quot;classic&quot;}\">\n\t\t\t\t\t\t<div class=\"elementor-container elementor-column-gap-default\">\n\t\t\t\t\t<div class=\"elementor-column elementor-col-100 elementor-top-column elementor-element elementor-element-57085e17\" data-id=\"57085e17\" data-element_type=\"column\">\n\t\t\t<div class=\"elementor-widget-wrap elementor-element-populated\">\n\t\t\t\t\t\t<div class=\"elementor-element elementor-element-4515af6d elementor-widget elementor-widget-heading\" data-id=\"4515af6d\" data-element_type=\"widget\" data-widget_type=\"heading.default\">\n\t\t\t\t<div class=\"elementor-widget-container\">\n\t\t\t\t\t<h1 class=\"elementor-heading-title elementor-size-default\">Vje\u017ebe za srednji dio lica: za podizanje obraza, punije usne i prevenciju opu\u0161tanja tkiva<\/h1>\t\t\t\t<\/div>\n\t\t\t\t<\/div>\n\t\t\t\t<div class=\"elementor-element elementor-element-4732b00b elementor-widget-divider--view-line elementor-widget elementor-widget-divider\" data-id=\"4732b00b\" data-element_type=\"widget\" data-widget_type=\"divider.default\">\n\t\t\t\t<div class=\"elementor-widget-container\">\n\t\t\t\t\t\t\t<div class=\"elementor-divider\">\n\t\t\t<span class=\"elementor-divider-separator\">\n\t\t\t\t\t\t<\/span>\n\t\t<\/div>\n\t\t\t\t\t\t<\/div>\n\t\t\t\t<\/div>\n\t\t\t\t<div class=\"elementor-element elementor-element-c57ae23 elementor-cta--skin-cover elementor-cta--valign-bottom elementor-widget elementor-widget-call-to-action\" data-id=\"c57ae23\" data-element_type=\"widget\" data-widget_type=\"call-to-action.default\">\n\t\t\t\t<div class=\"elementor-widget-container\">\n\t\t\t\t\t\t\t<div class=\"elementor-cta\">\n\t\t\t\t\t<div class=\"elementor-cta__bg-wrapper\">\n\t\t\t\t<div class=\"elementor-cta__bg elementor-bg\" style=\"background-image: url(https:\/\/proage.hr\/wp-content\/uploads\/2023\/08\/7E475D6C-25FB-450C-A7BC-4736250AA4B5-1024x819.jpeg);\" role=\"img\" aria-label=\"7E475D6C-25FB-450C-A7BC-4736250AA4B5\"><\/div>\n\t\t\t\t<div class=\"elementor-cta__bg-overlay\"><\/div>\n\t\t\t<\/div>\n\t\t\t\t\t\t\t<div class=\"elementor-cta__content\">\n\t\t\t\t\n\t\t\t\t\t\t\t\t\t<h2 class=\"elementor-cta__title elementor-cta__content-item elementor-content-item\">\n\t\t\t\t\t\tVje\u017ebe za srednji dio lica: za podizanje obraza, punije usne i prevenciju opu\u0161tanja tkiva\t\t\t\t\t<\/h2>\n\t\t\t\t\n\t\t\t\t\t\t\t\t\t<div class=\"elementor-cta__description elementor-cta__content-item elementor-content-item\">\n\t\t\t\t\t\tKUPITE SADA i gledajte neograni\u010den broj puta\t\t\t\t\t<\/div>\n\t\t\t\t\n\t\t\t\t\t\t\t<\/div>\n\t\t\t\t\t\t\t<div class=\"elementor-ribbon\">\n\t\t\t\t<div class=\"elementor-ribbon-inner\">\n\t\t\t\t\t10 \u20ac\t\t\t\t<\/div>\n\t\t\t<\/div>\n\t\t\t\t<\/div>\n\t\t\t\t\t\t<\/div>\n\t\t\t\t<\/div>\n\t\t\t\t<div class=\"elementor-element elementor-element-6de5aa1 elementor-widget elementor-widget-shortcode\" data-id=\"6de5aa1\" data-element_type=\"widget\" data-widget_type=\"shortcode.default\">\n\t\t\t\t<div class=\"elementor-widget-container\">\n\t\t\t\t\t\t\t<div class=\"elementor-shortcode\">\t<button class=\"elementor-button elementor-size-sm\"><div onclick=\"ihcBuyNewLevel('https:\/\/proage.hr\/hr\/register\/?lid=20');\" class=\"ihc-level-item-link  ihc-cursor-pointer\"> KUPITE SADA <\/div><\/button><\/div>\n\t\t\t\t\t\t<\/div>\n\t\t\t\t<\/div>\n\t\t\t\t<div class=\"elementor-element elementor-element-538b9cd elementor-widget elementor-widget-heading\" data-id=\"538b9cd\" data-element_type=\"widget\" data-widget_type=\"heading.default\">\n\t\t\t\t<div class=\"elementor-widget-container\">\n\t\t\t\t\t<h3 class=\"elementor-heading-title elementor-size-medium\">ili<\/h3>\t\t\t\t<\/div>\n\t\t\t\t<\/div>\n\t\t\t\t<div class=\"elementor-element elementor-element-d0952fe elementor-cta--skin-classic elementor-animated-content elementor-bg-transform elementor-bg-transform-zoom-in elementor-widget elementor-widget-call-to-action\" data-id=\"d0952fe\" data-element_type=\"widget\" data-widget_type=\"call-to-action.default\">\n\t\t\t\t<div class=\"elementor-widget-container\">\n\t\t\t\t\t\t\t<div class=\"elementor-cta\">\n\t\t\t\t\t\t\t<div class=\"elementor-cta__content\">\n\t\t\t\t\n\t\t\t\t\t\t\t\t\t<h2 class=\"elementor-cta__title elementor-cta__content-item elementor-content-item\">\n\t\t\t\t\t\tMjese\u010dna pretplata\t\t\t\t\t<\/h2>\n\t\t\t\t\n\t\t\t\t\t\t\t\t\t<div class=\"elementor-cta__description elementor-cta__content-item elementor-content-item\">\n\t\t\t\t\t\tMjese\u010dna pretplata vam omogu\u0107uje sve video treninge za gledanje neograni\u010den broj puta u vremenu trajanja pretplate.\t\t\t\t\t<\/div>\n\t\t\t\t\n\t\t\t\t\t\t\t<\/div>\n\t\t\t\t\t\t\t<div class=\"elementor-ribbon\">\n\t\t\t\t<div class=\"elementor-ribbon-inner\">\n\t\t\t\t\t30 \u20ac\t\t\t\t<\/div>\n\t\t\t<\/div>\n\t\t\t\t<\/div>\n\t\t\t\t\t\t<\/div>\n\t\t\t\t<\/div>\n\t\t\t\t<div class=\"elementor-element elementor-element-d251759 elementor-widget elementor-widget-shortcode\" data-id=\"d251759\" data-element_type=\"widget\" data-widget_type=\"shortcode.default\">\n\t\t\t\t<div class=\"elementor-widget-container\">\n\t\t\t\t\t\t\t<div class=\"elementor-shortcode\">\t<button class=\"elementor-button elementor-size-sm\"><div onclick=\"ihcBuyNewLevel('https:\/\/proage.hr\/hr\/register\/?lid=5');\" class=\"ihc-level-item-link  ihc-cursor-pointer\"> PRETPLATITE SE <\/div><\/button><\/div>\n\t\t\t\t\t\t<\/div>\n\t\t\t\t<\/div>\n\t\t\t\t\t<\/div>\n\t\t<\/div>\n\t\t\t\t\t<\/div>\n\t\t<\/section>\n\t\t\t\t<\/div>","protected":false},"excerpt":{"rendered":"<p>Middle Face Lifting: Cheek lift, fuller lips and prevention of tissue relaxation Middle Face Lifting: Cheek lift, fuller lips and prevention of tissue relaxation BUY NOW and watch unlimited number of times 10 \u20ac or Monthly Subscription Monthly subscription enables you to watch every video on the Proage website unlimited number of times. 30 \u20ac<\/p>","protected":false},"author":1,"featured_media":0,"parent":0,"menu_order":0,"comment_status":"closed","ping_status":"closed","template":"elementor_header_footer","meta":{"footnotes":""},"class_list":["post-7737","page","type-page","status-publish","hentry"],"blocksy_meta":"","yoast_head":"<!-- This site is optimized with the Yoast SEO plugin v26.5 - https:\/\/yoast.com\/wordpress\/plugins\/seo\/ -->\n<title>Middle Face Lifting Redirect - ProAge<\/title>\n<meta name=\"robots\" content=\"index, follow, max-snippet:-1, max-image-preview:large, max-video-preview:-1\" \/>\n<link rel=\"canonical\" href=\"https:\/\/proage.hr\/hr\/middle-face-lifting-redirect\/\" \/>\n<meta property=\"og:locale\" content=\"hr_HR\" \/>\n<meta property=\"og:type\" content=\"article\" \/>\n<meta property=\"og:title\" content=\"Middle Face Lifting Redirect - ProAge\" \/>\n<meta property=\"og:description\" content=\"Middle Face Lifting: Cheek lift, fuller lips and prevention of tissue relaxation Middle Face Lifting: Cheek lift, fuller lips and prevention of tissue relaxation BUY NOW and watch unlimited number of times 10 \u20ac or Monthly Subscription Monthly subscription enables you to watch every video on the Proage website unlimited number of times. 30 \u20ac\" \/>\n<meta property=\"og:url\" content=\"https:\/\/proage.hr\/hr\/middle-face-lifting-redirect\/\" \/>\n<meta property=\"og:site_name\" content=\"ProAge\" \/>\n<meta property=\"article:publisher\" content=\"https:\/\/www.facebook.com\/yelenaatabeyki\" \/>\n<meta property=\"article:modified_time\" content=\"2023-09-26T11:35:18+00:00\" \/>\n<meta name=\"twitter:card\" content=\"summary_large_image\" \/>\n<meta name=\"twitter:label1\" content=\"Procijenjeno vrijeme \u010ditanja\" \/>\n\t<meta name=\"twitter:data1\" content=\"1 minuta\" \/>\n<script type=\"application\/ld+json\" class=\"yoast-schema-graph\">{\"@context\":\"https:\/\/schema.org\",\"@graph\":[{\"@type\":\"WebPage\",\"@id\":\"https:\/\/proage.hr\/middle-face-lifting-redirect\/\",\"url\":\"https:\/\/proage.hr\/middle-face-lifting-redirect\/\",\"name\":\"Middle Face Lifting Redirect - ProAge\",\"isPartOf\":{\"@id\":\"https:\/\/proage.hr\/#website\"},\"datePublished\":\"2023-09-25T08:45:47+00:00\",\"dateModified\":\"2023-09-26T11:35:18+00:00\",\"breadcrumb\":{\"@id\":\"https:\/\/proage.hr\/middle-face-lifting-redirect\/#breadcrumb\"},\"inLanguage\":\"hr\",\"potentialAction\":[{\"@type\":\"ReadAction\",\"target\":[\"https:\/\/proage.hr\/middle-face-lifting-redirect\/\"]}]},{\"@type\":\"BreadcrumbList\",\"@id\":\"https:\/\/proage.hr\/middle-face-lifting-redirect\/#breadcrumb\",\"itemListElement\":[{\"@type\":\"ListItem\",\"position\":1,\"name\":\"Home\",\"item\":\"https:\/\/proage.hr\/\"},{\"@type\":\"ListItem\",\"position\":2,\"name\":\"Middle Face Lifting Redirect\"}]},{\"@type\":\"WebSite\",\"@id\":\"https:\/\/proage.hr\/#website\",\"url\":\"https:\/\/proage.hr\/\",\"name\":\"ProAge\",\"description\":\"Face exercise method, Pilates method\",\"potentialAction\":[{\"@type\":\"SearchAction\",\"target\":{\"@type\":\"EntryPoint\",\"urlTemplate\":\"https:\/\/proage.hr\/?s={search_term_string}\"},\"query-input\":{\"@type\":\"PropertyValueSpecification\",\"valueRequired\":true,\"valueName\":\"search_term_string\"}}],\"inLanguage\":\"hr\"}]}<\/script>\n<!-- \/ Yoast SEO plugin. -->","yoast_head_json":{"title":"Middle Face Lifting Redirect - ProAge","robots":{"index":"index","follow":"follow","max-snippet":"max-snippet:-1","max-image-preview":"max-image-preview:large","max-video-preview":"max-video-preview:-1"},"canonical":"https:\/\/proage.hr\/hr\/middle-face-lifting-redirect\/","og_locale":"hr_HR","og_type":"article","og_title":"Middle Face Lifting Redirect - ProAge","og_description":"Middle Face Lifting: Cheek lift, fuller lips and prevention of tissue relaxation Middle Face Lifting: Cheek lift, fuller lips and prevention of tissue relaxation BUY NOW and watch unlimited number of times 10 \u20ac or Monthly Subscription Monthly subscription enables you to watch every video on the Proage website unlimited number of times. 30 \u20ac","og_url":"https:\/\/proage.hr\/hr\/middle-face-lifting-redirect\/","og_site_name":"ProAge","article_publisher":"https:\/\/www.facebook.com\/yelenaatabeyki","article_modified_time":"2023-09-26T11:35:18+00:00","twitter_card":"summary_large_image","twitter_misc":{"Procijenjeno vrijeme \u010ditanja":"1 minuta"},"schema":{"@context":"https:\/\/schema.org","@graph":[{"@type":"WebPage","@id":"https:\/\/proage.hr\/middle-face-lifting-redirect\/","url":"https:\/\/proage.hr\/middle-face-lifting-redirect\/","name":"Middle Face Lifting Redirect - ProAge","isPartOf":{"@id":"https:\/\/proage.hr\/#website"},"datePublished":"2023-09-25T08:45:47+00:00","dateModified":"2023-09-26T11:35:18+00:00","breadcrumb":{"@id":"https:\/\/proage.hr\/middle-face-lifting-redirect\/#breadcrumb"},"inLanguage":"hr","potentialAction":[{"@type":"ReadAction","target":["https:\/\/proage.hr\/middle-face-lifting-redirect\/"]}]},{"@type":"BreadcrumbList","@id":"https:\/\/proage.hr\/middle-face-lifting-redirect\/#breadcrumb","itemListElement":[{"@type":"ListItem","position":1,"name":"Home","item":"https:\/\/proage.hr\/"},{"@type":"ListItem","position":2,"name":"Middle Face Lifting Redirect"}]},{"@type":"WebSite","@id":"https:\/\/proage.hr\/#website","url":"https:\/\/proage.hr\/","name":"ProAge","description":"Face exercise method, Pilates method","potentialAction":[{"@type":"SearchAction","target":{"@type":"EntryPoint","urlTemplate":"https:\/\/proage.hr\/?s={search_term_string}"},"query-input":{"@type":"PropertyValueSpecification","valueRequired":true,"valueName":"search_term_string"}}],"inLanguage":"hr"}]}},"_links":{"self":[{"href":"https:\/\/proage.hr\/hr\/wp-json\/wp\/v2\/pages\/7737","targetHints":{"allow":["GET"]}}],"collection":[{"href":"https:\/\/proage.hr\/hr\/wp-json\/wp\/v2\/pages"}],"about":[{"href":"https:\/\/proage.hr\/hr\/wp-json\/wp\/v2\/types\/page"}],"author":[{"embeddable":true,"href":"https:\/\/proage.hr\/hr\/wp-json\/wp\/v2\/users\/1"}],"replies":[{"embeddable":true,"href":"https:\/\/proage.hr\/hr\/wp-json\/wp\/v2\/comments?post=7737"}],"version-history":[{"count":18,"href":"https:\/\/proage.hr\/hr\/wp-json\/wp\/v2\/pages\/7737\/revisions"}],"predecessor-version":[{"id":7845,"href":"https:\/\/proage.hr\/hr\/wp-json\/wp\/v2\/pages\/7737\/revisions\/7845"}],"wp:attachment":[{"href":"https:\/\/proage.hr\/hr\/wp-json\/wp\/v2\/media?parent=7737"}],"curies":[{"name":"wp","href":"https:\/\/api.w.org\/{rel}","templated":true}]}}