{"id":8,"date":"2022-12-13T16:26:51","date_gmt":"2022-12-13T16:26:51","guid":{"rendered":"https:\/\/proage.hr\/?page_id=8"},"modified":"2023-04-05T17:21:59","modified_gmt":"2023-04-05T15:21:59","slug":"proage-2","status":"publish","type":"page","link":"https:\/\/proage.hr\/hr\/proage-2\/","title":{"rendered":"ProAge"},"content":{"rendered":"<div data-elementor-type=\"wp-page\" data-elementor-id=\"8\" class=\"elementor elementor-8\" data-elementor-post-type=\"page\">\n\t\t\t\t\t\t<section class=\"elementor-section elementor-top-section elementor-element elementor-element-a50f7de elementor-section-boxed elementor-section-height-default elementor-section-height-default\" data-id=\"a50f7de\" data-element_type=\"section\" data-settings=\"{&quot;shape_divider_bottom&quot;:&quot;tilt&quot;}\">\n\t\t\t\t\t<div class=\"elementor-shape elementor-shape-bottom\" aria-hidden=\"true\" data-negative=\"false\">\n\t\t\t<svg xmlns=\"http:\/\/www.w3.org\/2000\/svg\" viewbox=\"0 0 1000 100\" preserveaspectratio=\"none\">\n\t<path class=\"elementor-shape-fill\" d=\"M0,6V0h1000v100L0,6z\"\/>\n<\/svg>\t\t<\/div>\n\t\t\t\t\t<div class=\"elementor-container elementor-column-gap-default\">\n\t\t\t\t\t<div class=\"elementor-column elementor-col-100 elementor-top-column elementor-element elementor-element-4d23762a\" data-id=\"4d23762a\" data-element_type=\"column\">\n\t\t\t<div class=\"elementor-widget-wrap elementor-element-populated\">\n\t\t\t\t\t\t<div class=\"elementor-element elementor-element-32d5e7cd elementor-widget elementor-widget-spacer\" data-id=\"32d5e7cd\" data-element_type=\"widget\" data-widget_type=\"spacer.default\">\n\t\t\t\t<div class=\"elementor-widget-container\">\n\t\t\t\t\t\t\t<div class=\"elementor-spacer\">\n\t\t\t<div class=\"elementor-spacer-inner\"><\/div>\n\t\t<\/div>\n\t\t\t\t\t\t<\/div>\n\t\t\t\t<\/div>\n\t\t\t\t\t<\/div>\n\t\t<\/div>\n\t\t\t\t\t<\/div>\n\t\t<\/section>\n\t\t\t\t<section class=\"elementor-section elementor-top-section elementor-element elementor-element-22abd5ac elementor-section-boxed elementor-section-height-default elementor-section-height-default\" data-id=\"22abd5ac\" data-element_type=\"section\" data-settings=\"{&quot;background_background&quot;:&quot;classic&quot;}\">\n\t\t\t\t\t\t<div class=\"elementor-container elementor-column-gap-default\">\n\t\t\t\t\t<div class=\"elementor-column elementor-col-100 elementor-top-column elementor-element elementor-element-19b24983\" data-id=\"19b24983\" data-element_type=\"column\">\n\t\t\t<div class=\"elementor-widget-wrap elementor-element-populated\">\n\t\t\t\t\t\t<div class=\"elementor-element elementor-element-619fa8f elementor-widget elementor-widget-heading\" data-id=\"619fa8f\" data-element_type=\"widget\" data-widget_type=\"heading.default\">\n\t\t\t\t<div class=\"elementor-widget-container\">\n\t\t\t\t\t<h1 class=\"elementor-heading-title elementor-size-default\">ProAge<\/h1>\t\t\t\t<\/div>\n\t\t\t\t<\/div>\n\t\t\t\t<div class=\"elementor-element elementor-element-6a32eccf elementor-widget-divider--view-line elementor-widget elementor-widget-divider\" data-id=\"6a32eccf\" data-element_type=\"widget\" data-widget_type=\"divider.default\">\n\t\t\t\t<div class=\"elementor-widget-container\">\n\t\t\t\t\t\t\t<div class=\"elementor-divider\">\n\t\t\t<span class=\"elementor-divider-separator\">\n\t\t\t\t\t\t<\/span>\n\t\t<\/div>\n\t\t\t\t\t\t<\/div>\n\t\t\t\t<\/div>\n\t\t\t\t<div class=\"elementor-element elementor-element-13ae0d4e elementor-widget elementor-widget-text-editor\" data-id=\"13ae0d4e\" data-element_type=\"widget\" data-widget_type=\"text-editor.default\">\n\t\t\t\t<div class=\"elementor-widget-container\">\n\t\t\t\t\t\t\t\t\t<h4 style=\"text-align: center;\">\u201cStarenje je kao i sve drugo u \u017eivotu. Ako \u017eeli\u0161 da bude kvalitetno, mora\u0161 se o njemu po\u010deti brinuti mlad.\u201d<\/h4>\n<p style=\"text-align: center;\"><strong>Theodor Roosevelt<\/strong><\/p>\n<p>Ove rije\u010di Theodor Roosevelta, makar izre\u010dene u drugom kontekstu, idealno ce poslu\u017eiti kao uvod u ProAge svijet. Pro age, u doslovnom prijevodu \u201cza starenje\u201d, proklamira upravo to \u2013 pozitivan odnos prema starenju.<\/p>\t\t\t\t\t\t\t\t<\/div>\n\t\t\t\t<\/div>\n\t\t\t\t<div class=\"elementor-element elementor-element-3d635946 elementor-widget elementor-widget-image\" data-id=\"3d635946\" data-element_type=\"widget\" data-widget_type=\"image.default\">\n\t\t\t\t<div class=\"elementor-widget-container\">\n\t\t\t\t\t\t\t\t\t\t\t\t\t\t\t\t<a href=\"https:\/\/proage.hr\/wp-content\/uploads\/2023\/01\/jelena_naslovna_mobitel_boja.jpg\" data-elementor-open-lightbox=\"yes\" data-elementor-lightbox-title=\"jelena_naslovna_mobitel_boja\" data-e-action-hash=\"#elementor-action%3Aaction%3Dlightbox%26settings%3DeyJpZCI6NDAxNSwidXJsIjoiaHR0cHM6XC9cL3Byb2FnZS5oclwvd3AtY29udGVudFwvdXBsb2Fkc1wvMjAyM1wvMDFcL2plbGVuYV9uYXNsb3ZuYV9tb2JpdGVsX2JvamEuanBnIn0%3D\">\n\t\t\t\t\t\t\t<img fetchpriority=\"high\" decoding=\"async\" width=\"1024\" height=\"1024\" src=\"https:\/\/proage.hr\/wp-content\/uploads\/2023\/01\/jelena_naslovna_mobitel_boja.jpg\" class=\"attachment-large size-large wp-image-4015\" alt=\"Jelena Atabeyki\" srcset=\"https:\/\/proage.hr\/wp-content\/uploads\/2023\/01\/jelena_naslovna_mobitel_boja.jpg 1024w, https:\/\/proage.hr\/wp-content\/uploads\/2023\/01\/jelena_naslovna_mobitel_boja-300x300.jpg 300w, https:\/\/proage.hr\/wp-content\/uploads\/2023\/01\/jelena_naslovna_mobitel_boja-150x150.jpg 150w, https:\/\/proage.hr\/wp-content\/uploads\/2023\/01\/jelena_naslovna_mobitel_boja-768x768.jpg 768w\" sizes=\"(max-width: 1024px) 100vw, 1024px\" \/>\t\t\t\t\t\t\t\t<\/a>\n\t\t\t\t\t\t\t\t\t\t\t\t\t\t\t<\/div>\n\t\t\t\t<\/div>\n\t\t\t\t<div class=\"elementor-element elementor-element-bec197b elementor-widget elementor-widget-heading\" data-id=\"bec197b\" data-element_type=\"widget\" data-widget_type=\"heading.default\">\n\t\t\t\t<div class=\"elementor-widget-container\">\n\t\t\t\t\t<h3 class=\"elementor-heading-title elementor-size-default\">Moja \u017eelja\u200b<\/h3>\t\t\t\t<\/div>\n\t\t\t\t<\/div>\n\t\t\t\t<div class=\"elementor-element elementor-element-42655d81 elementor-widget elementor-widget-text-editor\" data-id=\"42655d81\" data-element_type=\"widget\" data-widget_type=\"text-editor.default\">\n\t\t\t\t<div class=\"elementor-widget-container\">\n\t\t\t\t\t\t\t\t\t<p>Starenje je nagrada za svaki dan, mjesec ili godinu koju smo do\u017eivjeli, a kako bi nam starost bila u\u017eitak a ne teret, potrebno je u nju po\u010deti ulagati puno ranije.<\/p><p>Moja \u017eelja je s vama u\u010diti kako se kroz stil \u017eivota, sastavni dio kojeg su vje\u017ebe, njegovati u svakoj dobi kako bismo mogli \u0161to du\u017ee u starenju u\u017eivati jer, slo\u017eiti \u0107emo se, nije toliko va\u017eno koliko dugo \u017eivimo, ve\u0107 kako.<\/p><p>Ovdje smo, dakle, u misiji brige o sebi. Zajedno \u0107emo u\u010diti, vje\u017ebati, njegovati se. Biti \u0107emo ProAge.<\/p><p>&nbsp;<\/p>\t\t\t\t\t\t\t\t<\/div>\n\t\t\t\t<\/div>\n\t\t\t\t\t<\/div>\n\t\t<\/div>\n\t\t\t\t\t<\/div>\n\t\t<\/section>\n\t\t\t\t<section class=\"elementor-section elementor-top-section elementor-element elementor-element-75c93661 ct-section-stretched elementor-section-full_width elementor-section-height-default elementor-section-height-default\" data-id=\"75c93661\" data-element_type=\"section\" data-settings=\"{&quot;background_background&quot;:&quot;classic&quot;}\">\n\t\t\t\t\t\t<div class=\"elementor-container elementor-column-gap-default\">\n\t\t\t\t\t<div class=\"elementor-column elementor-col-100 elementor-top-column elementor-element elementor-element-40dc9800\" data-id=\"40dc9800\" data-element_type=\"column\">\n\t\t\t<div class=\"elementor-widget-wrap\">\n\t\t\t\t\t\t\t<\/div>\n\t\t<\/div>\n\t\t\t\t\t<\/div>\n\t\t<\/section>\n\t\t\t\t<\/div>","protected":false},"excerpt":{"rendered":"<p>ProAge &#8220;Old age is like anything else. To make a success of it, you have to start young.&#8221; Theodor Roosevelt These words of Theodore Roosevelt, even if spoken in a different context, make an excellent introduction to the ProAge world. Pro age, literally translated as &#8216;for aging,&#8221; proclaims just that &#8211; a positive attitude toward aging. My wish Aging is a reward for every day, month and year we have lived, and if we want to make the most of it, we need to start thinking about it much sooner. My pro-aging objective is to impart knowledge and experience on\u2026<\/p>","protected":false},"author":1,"featured_media":0,"parent":0,"menu_order":0,"comment_status":"closed","ping_status":"closed","template":"elementor_header_footer","meta":{"footnotes":""},"class_list":["post-8","page","type-page","status-publish","hentry"],"blocksy_meta":{"styles_descriptor":{"styles":{"desktop":"","tablet":"","mobile":""},"google_fonts":[],"version":5}},"yoast_head":"<!-- This site is optimized with the Yoast SEO plugin v26.5 - https:\/\/yoast.com\/wordpress\/plugins\/seo\/ -->\n<title>ProAge - ProAge<\/title>\n<meta name=\"robots\" content=\"index, follow, max-snippet:-1, max-image-preview:large, max-video-preview:-1\" \/>\n<link rel=\"canonical\" href=\"https:\/\/proage.hr\/hr\/proage-2\/\" \/>\n<meta property=\"og:locale\" content=\"hr_HR\" \/>\n<meta property=\"og:type\" content=\"article\" \/>\n<meta property=\"og:title\" content=\"ProAge - ProAge\" \/>\n<meta property=\"og:description\" content=\"ProAge &#8220;Old age is like anything else. To make a success of it, you have to start young.&#8221; Theodor Roosevelt These words of Theodore Roosevelt, even if spoken in a different context, make an excellent introduction to the ProAge world. Pro age, literally translated as &#8216;for aging,&#8221; proclaims just that &#8211; a positive attitude toward aging. My wish Aging is a reward for every day, month and year we have lived, and if we want to make the most of it, we need to start thinking about it much sooner. My pro-aging objective is to impart knowledge and experience on\u2026\" \/>\n<meta property=\"og:url\" content=\"https:\/\/proage.hr\/hr\/proage-2\/\" \/>\n<meta property=\"og:site_name\" content=\"ProAge\" \/>\n<meta property=\"article:publisher\" content=\"https:\/\/www.facebook.com\/yelenaatabeyki\" \/>\n<meta property=\"article:modified_time\" content=\"2023-04-05T15:21:59+00:00\" \/>\n<meta property=\"og:image\" content=\"https:\/\/proage.hr\/wp-content\/uploads\/2023\/01\/jelena_naslovna_mobitel_boja.jpg\" \/>\n<meta name=\"twitter:card\" content=\"summary_large_image\" \/>\n<meta name=\"twitter:label1\" content=\"Procijenjeno vrijeme \u010ditanja\" \/>\n\t<meta name=\"twitter:data1\" content=\"1 minuta\" \/>\n<script type=\"application\/ld+json\" class=\"yoast-schema-graph\">{\"@context\":\"https:\/\/schema.org\",\"@graph\":[{\"@type\":\"WebPage\",\"@id\":\"https:\/\/proage.hr\/proage-2\/\",\"url\":\"https:\/\/proage.hr\/proage-2\/\",\"name\":\"ProAge - ProAge\",\"isPartOf\":{\"@id\":\"https:\/\/proage.hr\/#website\"},\"primaryImageOfPage\":{\"@id\":\"https:\/\/proage.hr\/proage-2\/#primaryimage\"},\"image\":{\"@id\":\"https:\/\/proage.hr\/proage-2\/#primaryimage\"},\"thumbnailUrl\":\"https:\/\/proage.hr\/wp-content\/uploads\/2023\/01\/jelena_naslovna_mobitel_boja.jpg\",\"datePublished\":\"2022-12-13T16:26:51+00:00\",\"dateModified\":\"2023-04-05T15:21:59+00:00\",\"breadcrumb\":{\"@id\":\"https:\/\/proage.hr\/proage-2\/#breadcrumb\"},\"inLanguage\":\"hr\",\"potentialAction\":[{\"@type\":\"ReadAction\",\"target\":[\"https:\/\/proage.hr\/proage-2\/\"]}]},{\"@type\":\"ImageObject\",\"inLanguage\":\"hr\",\"@id\":\"https:\/\/proage.hr\/proage-2\/#primaryimage\",\"url\":\"https:\/\/proage.hr\/wp-content\/uploads\/2023\/01\/jelena_naslovna_mobitel_boja.jpg\",\"contentUrl\":\"https:\/\/proage.hr\/wp-content\/uploads\/2023\/01\/jelena_naslovna_mobitel_boja.jpg\"},{\"@type\":\"BreadcrumbList\",\"@id\":\"https:\/\/proage.hr\/proage-2\/#breadcrumb\",\"itemListElement\":[{\"@type\":\"ListItem\",\"position\":1,\"name\":\"Home\",\"item\":\"https:\/\/proage.hr\/\"},{\"@type\":\"ListItem\",\"position\":2,\"name\":\"ProAge\"}]},{\"@type\":\"WebSite\",\"@id\":\"https:\/\/proage.hr\/#website\",\"url\":\"https:\/\/proage.hr\/\",\"name\":\"ProAge\",\"description\":\"Face exercise method, Pilates method\",\"potentialAction\":[{\"@type\":\"SearchAction\",\"target\":{\"@type\":\"EntryPoint\",\"urlTemplate\":\"https:\/\/proage.hr\/?s={search_term_string}\"},\"query-input\":{\"@type\":\"PropertyValueSpecification\",\"valueRequired\":true,\"valueName\":\"search_term_string\"}}],\"inLanguage\":\"hr\"}]}<\/script>\n<!-- \/ Yoast SEO plugin. -->","yoast_head_json":{"title":"ProAge - ProAge","robots":{"index":"index","follow":"follow","max-snippet":"max-snippet:-1","max-image-preview":"max-image-preview:large","max-video-preview":"max-video-preview:-1"},"canonical":"https:\/\/proage.hr\/hr\/proage-2\/","og_locale":"hr_HR","og_type":"article","og_title":"ProAge - ProAge","og_description":"ProAge &#8220;Old age is like anything else. To make a success of it, you have to start young.&#8221; Theodor Roosevelt These words of Theodore Roosevelt, even if spoken in a different context, make an excellent introduction to the ProAge world. Pro age, literally translated as &#8216;for aging,&#8221; proclaims just that &#8211; a positive attitude toward aging. My wish Aging is a reward for every day, month and year we have lived, and if we want to make the most of it, we need to start thinking about it much sooner. My pro-aging objective is to impart knowledge and experience on\u2026","og_url":"https:\/\/proage.hr\/hr\/proage-2\/","og_site_name":"ProAge","article_publisher":"https:\/\/www.facebook.com\/yelenaatabeyki","article_modified_time":"2023-04-05T15:21:59+00:00","og_image":[{"url":"https:\/\/proage.hr\/wp-content\/uploads\/2023\/01\/jelena_naslovna_mobitel_boja.jpg","type":"","width":"","height":""}],"twitter_card":"summary_large_image","twitter_misc":{"Procijenjeno vrijeme \u010ditanja":"1 minuta"},"schema":{"@context":"https:\/\/schema.org","@graph":[{"@type":"WebPage","@id":"https:\/\/proage.hr\/proage-2\/","url":"https:\/\/proage.hr\/proage-2\/","name":"ProAge - ProAge","isPartOf":{"@id":"https:\/\/proage.hr\/#website"},"primaryImageOfPage":{"@id":"https:\/\/proage.hr\/proage-2\/#primaryimage"},"image":{"@id":"https:\/\/proage.hr\/proage-2\/#primaryimage"},"thumbnailUrl":"https:\/\/proage.hr\/wp-content\/uploads\/2023\/01\/jelena_naslovna_mobitel_boja.jpg","datePublished":"2022-12-13T16:26:51+00:00","dateModified":"2023-04-05T15:21:59+00:00","breadcrumb":{"@id":"https:\/\/proage.hr\/proage-2\/#breadcrumb"},"inLanguage":"hr","potentialAction":[{"@type":"ReadAction","target":["https:\/\/proage.hr\/proage-2\/"]}]},{"@type":"ImageObject","inLanguage":"hr","@id":"https:\/\/proage.hr\/proage-2\/#primaryimage","url":"https:\/\/proage.hr\/wp-content\/uploads\/2023\/01\/jelena_naslovna_mobitel_boja.jpg","contentUrl":"https:\/\/proage.hr\/wp-content\/uploads\/2023\/01\/jelena_naslovna_mobitel_boja.jpg"},{"@type":"BreadcrumbList","@id":"https:\/\/proage.hr\/proage-2\/#breadcrumb","itemListElement":[{"@type":"ListItem","position":1,"name":"Home","item":"https:\/\/proage.hr\/"},{"@type":"ListItem","position":2,"name":"ProAge"}]},{"@type":"WebSite","@id":"https:\/\/proage.hr\/#website","url":"https:\/\/proage.hr\/","name":"ProAge","description":"Face exercise method, Pilates method","potentialAction":[{"@type":"SearchAction","target":{"@type":"EntryPoint","urlTemplate":"https:\/\/proage.hr\/?s={search_term_string}"},"query-input":{"@type":"PropertyValueSpecification","valueRequired":true,"valueName":"search_term_string"}}],"inLanguage":"hr"}]}},"_links":{"self":[{"href":"https:\/\/proage.hr\/hr\/wp-json\/wp\/v2\/pages\/8","targetHints":{"allow":["GET"]}}],"collection":[{"href":"https:\/\/proage.hr\/hr\/wp-json\/wp\/v2\/pages"}],"about":[{"href":"https:\/\/proage.hr\/hr\/wp-json\/wp\/v2\/types\/page"}],"author":[{"embeddable":true,"href":"https:\/\/proage.hr\/hr\/wp-json\/wp\/v2\/users\/1"}],"replies":[{"embeddable":true,"href":"https:\/\/proage.hr\/hr\/wp-json\/wp\/v2\/comments?post=8"}],"version-history":[{"count":1167,"href":"https:\/\/proage.hr\/hr\/wp-json\/wp\/v2\/pages\/8\/revisions"}],"predecessor-version":[{"id":6900,"href":"https:\/\/proage.hr\/hr\/wp-json\/wp\/v2\/pages\/8\/revisions\/6900"}],"wp:attachment":[{"href":"https:\/\/proage.hr\/hr\/wp-json\/wp\/v2\/media?parent=8"}],"curies":[{"name":"wp","href":"https:\/\/api.w.org\/{rel}","templated":true}]}}